{"id":873,"date":"2020-12-14T13:04:50","date_gmt":"2020-12-14T12:04:50","guid":{"rendered":"https:\/\/www.nbfproject.eu\/?page_id=873"},"modified":"2021-01-28T11:05:29","modified_gmt":"2021-01-28T10:05:29","slug":"web-conference-italie-france","status":"publish","type":"page","link":"https:\/\/www.nbfproject.eu\/en\/ateliers\/web-conference-italie-france\/","title":{"rendered":"Web Conf\u00e9rence Italie-France"},"content":{"rendered":"<h2 class=\"wp-block-heading\">Informations g\u00e9n\u00e9rales<\/h2><h3 class=\"wp-block-heading\">Date :<\/h3><p>Mercredi 13 janvier 2021<\/p><h3 class=\"wp-block-heading\">Lieu :<\/h3><p>Conf\u00e9rence en ligne - <a href=\"https:\/\/framaforms.org\/web-conference-nbf-france-italie-mercredi-13-janvier-2021-1607681946\" target=\"_blank\" rel=\"noreferrer noopener\">Cliquez ici pour vous inscrire<\/a><\/p><h3 class=\"wp-block-heading\">Documents :<\/h3><h3 class=\"wp-block-heading\">Programmes et inscriptions<\/h3><p><a href=\"https:\/\/www.nbfproject.eu\/wp-content\/uploads\/sites\/32\/2020\/12\/invitation-et-programme-web-conf-13.1.21_fr.pdf\" target=\"_blank\" rel=\"noreferrer noopener\">Cliquez ici pour acc\u00e9der au programme en fran\u00e7ais<\/a><\/p><p><a href=\"https:\/\/www.nbfproject.eu\/wp-content\/uploads\/sites\/32\/2020\/12\/invitation-et-programme-web-conf-13.1.21_it-1.pdf\" target=\"_blank\" rel=\"noreferrer noopener\">Cliquez ici pour acc\u00e9der au programme en italien<\/a><\/p><h3 class=\"wp-block-heading\">Pr\u00e9sentations et rapports de l'atelier<\/h3><p>Pr\u00e9sentations fusionn\u00e9es. <a href=\"https:\/\/www.nbfproject.eu\/wp-content\/uploads\/sites\/32\/2021\/01\/presentations-fusionnees.pdf\" target=\"_blank\" rel=\"noreferrer noopener\">T\u00e9l\u00e9charger ici<\/a><\/p><p>Pr\u00e9sentation des r\u00e8glements 2016-1103 &amp; 2016-1104 - version fran\u00e7aise. <a href=\"https:\/\/www.nbfproject.eu\/wp-content\/uploads\/sites\/32\/2021\/01\/md_cn_rgt-et-loi-applicabl_fr.pdf\" target=\"_blank\" rel=\"noreferrer noopener\">T\u00e9l\u00e9charger ici<\/a><\/p><p>Pr\u00e9sentation des r\u00e8glements 2016-1103 &amp; 2016-1104 - version italienne. <a href=\"https:\/\/www.nbfproject.eu\/wp-content\/uploads\/sites\/32\/2021\/01\/md_cn_rgt-et-loi-applicabl_it.pdf\" target=\"_blank\" rel=\"noreferrer noopener\">T\u00e9l\u00e9charger ici<\/a><\/p><p>Pr\u00e9sentation de Fr\u00e9d\u00e9ric VARIN, Droit des r\u00e9gimes matrimoniaux en France - version fran\u00e7aise. <a href=\"https:\/\/www.nbfproject.eu\/wp-content\/uploads\/sites\/32\/2021\/01\/f-varin_regimes-mat-en-france_fr.pdf\" target=\"_blank\" rel=\"noreferrer noopener\">T\u00e9l\u00e9charger ici<\/a><\/p><p>Pr\u00e9sentation de Fr\u00e9d\u00e9ric VARIN, Droit des r\u00e9gimes matrimoniaux en France - version italienne. <a href=\"https:\/\/www.nbfproject.eu\/wp-content\/uploads\/sites\/32\/2021\/01\/f-varin_regimes-mat-en-france_it.pdf\" target=\"_blank\" rel=\"noreferrer noopener\">T\u00e9l\u00e9charger ici<\/a><\/p><p>Pr\u00e9sentation de Ugo FRIEDMANN, Droit des r\u00e9gimes matrimoniaux en Italie - version fran\u00e7aise. <a href=\"https:\/\/www.nbfproject.eu\/wp-content\/uploads\/sites\/32\/2021\/01\/ufriedmann_regimes-matrimoniaux_fr.pdf\" target=\"_blank\" rel=\"noreferrer noopener\">T\u00e9l\u00e9charger ici<\/a><\/p><p>Pr\u00e9sentation de Ugo FRIEDMANN, Droit des r\u00e9gimes matrimoniaux en Italie - version italienne. <a href=\"https:\/\/www.nbfproject.eu\/wp-content\/uploads\/sites\/32\/2021\/01\/ufriedmann_regimes-matrimoniaux_-it.pdf\" target=\"_blank\" rel=\"noreferrer noopener\">T\u00e9l\u00e9charger ici<\/a><\/p><p>Pr\u00e9sentation de Paolo PASQUALIS, Les r\u00e8gles de comp\u00e9tence et l\u2019acceptation des actes authentiques- version fran\u00e7aise. <a href=\"https:\/\/www.nbfproject.eu\/wp-content\/uploads\/sites\/32\/2021\/01\/ppasqualis_actes-authentiques_fr.pdf\" target=\"_blank\" rel=\"noreferrer noopener\">T\u00e9l\u00e9charger ici<\/a><\/p><p>Pr\u00e9sentation de Paolo PASQUALIS, Les r\u00e8gles de comp\u00e9tence et l\u2019acceptation des actes authentiques- version italienne. <a href=\"https:\/\/www.nbfproject.eu\/wp-content\/uploads\/sites\/32\/2021\/01\/ppasqualis_atti-autentici_it.pdf\" target=\"_blank\" rel=\"noreferrer noopener\">T\u00e9l\u00e9charger ici<\/a><\/p><p>Cas pratiques franco-italiens. <a href=\"https:\/\/www.nbfproject.eu\/wp-content\/uploads\/sites\/32\/2021\/01\/cas-pratiques-it-fr_it.pdf\" target=\"_blank\" rel=\"noreferrer noopener\">T\u00e9l\u00e9charger ici<\/a><\/p><h3 class=\"wp-block-heading\">Vid\u00e9os de l'atelier<\/h3><p>Pour revoir la web conf\u00e9rence - version fran\u00e7aise. <a href=\"https:\/\/www.youtube.com\/watch?v=6p3IppcSeNI&amp;feature=youtu.be\" target=\"_blank\" rel=\"noreferrer noopener\">Cliquez-ici<\/a><\/p><p>Pour revoir la web conf\u00e9rence - version italienne. <a href=\"https:\/\/www.youtube.com\/watch?v=FNkOx2E6J9Q&amp;feature=youtu.be\" target=\"_blank\" rel=\"noreferrer noopener\">Cliquez-ici<\/a><\/p>","protected":false},"excerpt":{"rendered":"<p>Informations g\u00e9n\u00e9ralesDate :Mercredi 13 janvier 2021Lieu :Conf\u00e9rence en ligne &#8211; Cliquez ici pour vous inscrireDocuments :Programmes et inscriptionsCliquez ici pour acc\u00e9der au programme en [&hellip;]<\/p>\n","protected":false},"author":160,"featured_media":888,"parent":479,"menu_order":10,"comment_status":"closed","ping_status":"closed","template":"","meta":{"_acf_changed":false,"footnotes":""},"class_list":["post-873","page","type-page","status-publish","has-post-thumbnail","hentry"],"acf":[],"yoast_head":"<!-- This site is optimized with the Yoast SEO plugin v24.1 - https:\/\/yoast.com\/wordpress\/plugins\/seo\/ -->\n<title>Web Conf\u00e9rence Italie-France - Notaries Beyond Frontiers<\/title>\n<meta name=\"description\" content=\"Web Conf\u00e9rence Italie-France organis\u00e9e par Notaries Beyond Frontiers sur les nouveaux r\u00e8glements europ\u00e9ens : r\u00e9gimes matrimoniaux et effets patrimoniaux des partenariats enregistr\u00e9s.\" \/>\n<meta name=\"robots\" content=\"index, follow, max-snippet:-1, max-image-preview:large, max-video-preview:-1\" \/>\n<link rel=\"canonical\" href=\"https:\/\/www.nbfproject.eu\/en\/ateliers\/web-conference-italie-france\/\" \/>\n<meta property=\"og:locale\" content=\"en_US\" \/>\n<meta property=\"og:type\" content=\"article\" \/>\n<meta property=\"og:title\" content=\"Web Conf\u00e9rence Italie-France - Notaries Beyond Frontiers\" \/>\n<meta property=\"og:description\" content=\"Web Conf\u00e9rence Italie-France organis\u00e9e par Notaries Beyond Frontiers sur les nouveaux r\u00e8glements europ\u00e9ens : r\u00e9gimes matrimoniaux et effets patrimoniaux des partenariats enregistr\u00e9s.\" \/>\n<meta property=\"og:url\" content=\"https:\/\/www.nbfproject.eu\/en\/ateliers\/web-conference-italie-france\/\" \/>\n<meta property=\"og:site_name\" content=\"Notaries Beyond Frontiers\" \/>\n<meta property=\"article:modified_time\" content=\"2021-01-28T10:05:29+00:00\" \/>\n<meta property=\"og:image\" content=\"https:\/\/www.nbfproject.eu\/wp-content\/uploads\/sites\/32\/2020\/12\/bence-boros-jazigj8_iw4-unsplash-1920x576.jpg\" \/>\n\t<meta property=\"og:image:width\" content=\"2560\" \/>\n\t<meta property=\"og:image:height\" content=\"1577\" \/>\n\t<meta property=\"og:image:type\" content=\"image\/jpeg\" \/>\n<meta name=\"twitter:card\" content=\"summary_large_image\" \/>\n<meta name=\"twitter:label1\" content=\"Est. reading time\" \/>\n\t<meta name=\"twitter:data1\" content=\"1 minute\" \/>\n<script type=\"application\/ld+json\" class=\"yoast-schema-graph\">{\"@context\":\"https:\/\/schema.org\",\"@graph\":[{\"@type\":\"WebPage\",\"@id\":\"https:\/\/www.nbfproject.eu\/en\/ateliers\/web-conference-italie-france\/\",\"url\":\"https:\/\/www.nbfproject.eu\/en\/ateliers\/web-conference-italie-france\/\",\"name\":\"Web Conf\u00e9rence Italie-France - Notaries Beyond Frontiers\",\"isPartOf\":{\"@id\":\"https:\/\/www.nbfproject.eu\/en\/#website\"},\"primaryImageOfPage\":{\"@id\":\"https:\/\/www.nbfproject.eu\/en\/ateliers\/web-conference-italie-france\/#primaryimage\"},\"image\":{\"@id\":\"https:\/\/www.nbfproject.eu\/en\/ateliers\/web-conference-italie-france\/#primaryimage\"},\"thumbnailUrl\":\"https:\/\/www.nbfproject.eu\/wp-content\/uploads\/sites\/32\/2020\/12\/bence-boros-jazigj8_iw4-unsplash-1920x576.jpg\",\"datePublished\":\"2020-12-14T12:04:50+00:00\",\"dateModified\":\"2021-01-28T10:05:29+00:00\",\"description\":\"Web Conf\u00e9rence Italie-France organis\u00e9e par Notaries Beyond Frontiers sur les nouveaux r\u00e8glements europ\u00e9ens : r\u00e9gimes matrimoniaux et effets patrimoniaux des partenariats enregistr\u00e9s.\",\"breadcrumb\":{\"@id\":\"https:\/\/www.nbfproject.eu\/en\/ateliers\/web-conference-italie-france\/#breadcrumb\"},\"inLanguage\":\"en-US\",\"potentialAction\":[{\"@type\":\"ReadAction\",\"target\":[\"https:\/\/www.nbfproject.eu\/en\/ateliers\/web-conference-italie-france\/\"]}]},{\"@type\":\"ImageObject\",\"inLanguage\":\"en-US\",\"@id\":\"https:\/\/www.nbfproject.eu\/en\/ateliers\/web-conference-italie-france\/#primaryimage\",\"url\":\"https:\/\/www.nbfproject.eu\/wp-content\/uploads\/sites\/32\/2020\/12\/bence-boros-jazigj8_iw4-unsplash-1920x576.jpg\",\"contentUrl\":\"https:\/\/www.nbfproject.eu\/wp-content\/uploads\/sites\/32\/2020\/12\/bence-boros-jazigj8_iw4-unsplash-1920x576.jpg\",\"width\":2560,\"height\":1577},{\"@type\":\"BreadcrumbList\",\"@id\":\"https:\/\/www.nbfproject.eu\/en\/ateliers\/web-conference-italie-france\/#breadcrumb\",\"itemListElement\":[{\"@type\":\"ListItem\",\"position\":1,\"name\":\"Accueil\",\"item\":\"https:\/\/www.nbfproject.eu\/en\/\"},{\"@type\":\"ListItem\",\"position\":2,\"name\":\"Ateliers bilat\u00e9raux\",\"item\":\"https:\/\/www.nbfproject.eu\/en\/ateliers\/\"},{\"@type\":\"ListItem\",\"position\":3,\"name\":\"Web Conf\u00e9rence Italie-France\"}]},{\"@type\":\"WebSite\",\"@id\":\"https:\/\/www.nbfproject.eu\/en\/#website\",\"url\":\"https:\/\/www.nbfproject.eu\/en\/\",\"name\":\"Notaries Beyond Frontiers\",\"description\":\"Un site utilisant Administration r\u00e9seau web UCLy\",\"publisher\":{\"@id\":\"https:\/\/www.nbfproject.eu\/en\/#organization\"},\"potentialAction\":[{\"@type\":\"SearchAction\",\"target\":{\"@type\":\"EntryPoint\",\"urlTemplate\":\"https:\/\/www.nbfproject.eu\/en\/?s={search_term_string}\"},\"query-input\":{\"@type\":\"PropertyValueSpecification\",\"valueRequired\":true,\"valueName\":\"search_term_string\"}}],\"inLanguage\":\"en-US\"},{\"@type\":\"Organization\",\"@id\":\"https:\/\/www.nbfproject.eu\/en\/#organization\",\"name\":\"Notaries Beyond Frontiers\",\"url\":\"https:\/\/www.nbfproject.eu\/en\/\",\"logo\":{\"@type\":\"ImageObject\",\"inLanguage\":\"en-US\",\"@id\":\"https:\/\/www.nbfproject.eu\/en\/#\/schema\/logo\/image\/\",\"url\":\"https:\/\/www.nbfproject.eu\/wp-content\/uploads\/sites\/32\/2020\/03\/logo_nbf-1.png\",\"contentUrl\":\"https:\/\/www.nbfproject.eu\/wp-content\/uploads\/sites\/32\/2020\/03\/logo_nbf-1.png\",\"width\":600,\"height\":481,\"caption\":\"Notaries Beyond Frontiers\"},\"image\":{\"@id\":\"https:\/\/www.nbfproject.eu\/en\/#\/schema\/logo\/image\/\"}}]}<\/script>\n<!-- \/ Yoast SEO plugin. -->","yoast_head_json":{"title":"Web Conf\u00e9rence Italie-France - Notaries Beyond Frontiers","description":"Web Conf\u00e9rence Italie-France organis\u00e9e par Notaries Beyond Frontiers sur les nouveaux r\u00e8glements europ\u00e9ens : r\u00e9gimes matrimoniaux et effets patrimoniaux des partenariats enregistr\u00e9s.","robots":{"index":"index","follow":"follow","max-snippet":"max-snippet:-1","max-image-preview":"max-image-preview:large","max-video-preview":"max-video-preview:-1"},"canonical":"https:\/\/www.nbfproject.eu\/en\/ateliers\/web-conference-italie-france\/","og_locale":"en_US","og_type":"article","og_title":"Web Conf\u00e9rence Italie-France - Notaries Beyond Frontiers","og_description":"Web Conf\u00e9rence Italie-France organis\u00e9e par Notaries Beyond Frontiers sur les nouveaux r\u00e8glements europ\u00e9ens : r\u00e9gimes matrimoniaux et effets patrimoniaux des partenariats enregistr\u00e9s.","og_url":"https:\/\/www.nbfproject.eu\/en\/ateliers\/web-conference-italie-france\/","og_site_name":"Notaries Beyond Frontiers","article_modified_time":"2021-01-28T10:05:29+00:00","og_image":[{"width":2560,"height":1577,"url":"https:\/\/www.nbfproject.eu\/wp-content\/uploads\/sites\/32\/2020\/12\/bence-boros-jazigj8_iw4-unsplash-1920x576.jpg","type":"image\/jpeg"}],"twitter_card":"summary_large_image","twitter_misc":{"Est. reading time":"1 minute"},"schema":{"@context":"https:\/\/schema.org","@graph":[{"@type":"WebPage","@id":"https:\/\/www.nbfproject.eu\/en\/ateliers\/web-conference-italie-france\/","url":"https:\/\/www.nbfproject.eu\/en\/ateliers\/web-conference-italie-france\/","name":"Web Conf\u00e9rence Italie-France - Notaries Beyond Frontiers","isPartOf":{"@id":"https:\/\/www.nbfproject.eu\/en\/#website"},"primaryImageOfPage":{"@id":"https:\/\/www.nbfproject.eu\/en\/ateliers\/web-conference-italie-france\/#primaryimage"},"image":{"@id":"https:\/\/www.nbfproject.eu\/en\/ateliers\/web-conference-italie-france\/#primaryimage"},"thumbnailUrl":"https:\/\/www.nbfproject.eu\/wp-content\/uploads\/sites\/32\/2020\/12\/bence-boros-jazigj8_iw4-unsplash-1920x576.jpg","datePublished":"2020-12-14T12:04:50+00:00","dateModified":"2021-01-28T10:05:29+00:00","description":"Web Conf\u00e9rence Italie-France organis\u00e9e par Notaries Beyond Frontiers sur les nouveaux r\u00e8glements europ\u00e9ens : r\u00e9gimes matrimoniaux et effets patrimoniaux des partenariats enregistr\u00e9s.","breadcrumb":{"@id":"https:\/\/www.nbfproject.eu\/en\/ateliers\/web-conference-italie-france\/#breadcrumb"},"inLanguage":"en-US","potentialAction":[{"@type":"ReadAction","target":["https:\/\/www.nbfproject.eu\/en\/ateliers\/web-conference-italie-france\/"]}]},{"@type":"ImageObject","inLanguage":"en-US","@id":"https:\/\/www.nbfproject.eu\/en\/ateliers\/web-conference-italie-france\/#primaryimage","url":"https:\/\/www.nbfproject.eu\/wp-content\/uploads\/sites\/32\/2020\/12\/bence-boros-jazigj8_iw4-unsplash-1920x576.jpg","contentUrl":"https:\/\/www.nbfproject.eu\/wp-content\/uploads\/sites\/32\/2020\/12\/bence-boros-jazigj8_iw4-unsplash-1920x576.jpg","width":2560,"height":1577},{"@type":"BreadcrumbList","@id":"https:\/\/www.nbfproject.eu\/en\/ateliers\/web-conference-italie-france\/#breadcrumb","itemListElement":[{"@type":"ListItem","position":1,"name":"Accueil","item":"https:\/\/www.nbfproject.eu\/en\/"},{"@type":"ListItem","position":2,"name":"Ateliers bilat\u00e9raux","item":"https:\/\/www.nbfproject.eu\/en\/ateliers\/"},{"@type":"ListItem","position":3,"name":"Web Conf\u00e9rence Italie-France"}]},{"@type":"WebSite","@id":"https:\/\/www.nbfproject.eu\/en\/#website","url":"https:\/\/www.nbfproject.eu\/en\/","name":"Notaries Beyond Frontiers","description":"Un site utilisant Administration r\u00e9seau web UCLy","publisher":{"@id":"https:\/\/www.nbfproject.eu\/en\/#organization"},"potentialAction":[{"@type":"SearchAction","target":{"@type":"EntryPoint","urlTemplate":"https:\/\/www.nbfproject.eu\/en\/?s={search_term_string}"},"query-input":{"@type":"PropertyValueSpecification","valueRequired":true,"valueName":"search_term_string"}}],"inLanguage":"en-US"},{"@type":"Organization","@id":"https:\/\/www.nbfproject.eu\/en\/#organization","name":"Notaries Beyond Frontiers","url":"https:\/\/www.nbfproject.eu\/en\/","logo":{"@type":"ImageObject","inLanguage":"en-US","@id":"https:\/\/www.nbfproject.eu\/en\/#\/schema\/logo\/image\/","url":"https:\/\/www.nbfproject.eu\/wp-content\/uploads\/sites\/32\/2020\/03\/logo_nbf-1.png","contentUrl":"https:\/\/www.nbfproject.eu\/wp-content\/uploads\/sites\/32\/2020\/03\/logo_nbf-1.png","width":600,"height":481,"caption":"Notaries Beyond Frontiers"},"image":{"@id":"https:\/\/www.nbfproject.eu\/en\/#\/schema\/logo\/image\/"}}]}},"_links":{"self":[{"href":"https:\/\/www.nbfproject.eu\/en\/wp-json\/wp\/v2\/pages\/873","targetHints":{"allow":["GET"]}}],"collection":[{"href":"https:\/\/www.nbfproject.eu\/en\/wp-json\/wp\/v2\/pages"}],"about":[{"href":"https:\/\/www.nbfproject.eu\/en\/wp-json\/wp\/v2\/types\/page"}],"author":[{"embeddable":true,"href":"https:\/\/www.nbfproject.eu\/en\/wp-json\/wp\/v2\/users\/160"}],"replies":[{"embeddable":true,"href":"https:\/\/www.nbfproject.eu\/en\/wp-json\/wp\/v2\/comments?post=873"}],"version-history":[{"count":11,"href":"https:\/\/www.nbfproject.eu\/en\/wp-json\/wp\/v2\/pages\/873\/revisions"}],"predecessor-version":[{"id":975,"href":"https:\/\/www.nbfproject.eu\/en\/wp-json\/wp\/v2\/pages\/873\/revisions\/975"}],"up":[{"embeddable":true,"href":"https:\/\/www.nbfproject.eu\/en\/wp-json\/wp\/v2\/pages\/479"}],"wp:featuredmedia":[{"embeddable":true,"href":"https:\/\/www.nbfproject.eu\/en\/wp-json\/wp\/v2\/media\/888"}],"wp:attachment":[{"href":"https:\/\/www.nbfproject.eu\/en\/wp-json\/wp\/v2\/media?parent=873"}],"curies":[{"name":"wp","href":"https:\/\/api.w.org\/{rel}","templated":true}]}}