{"id":495,"date":"2020-03-19T16:01:55","date_gmt":"2020-03-19T15:01:55","guid":{"rendered":"http:\/\/test2.nbfproject.eu\/?page_id=495"},"modified":"2021-03-18T14:50:38","modified_gmt":"2021-03-18T13:50:38","slug":"atelier-pays-bas-france","status":"publish","type":"page","link":"https:\/\/www.nbfproject.eu\/en\/ateliers\/atelier-pays-bas-france\/","title":{"rendered":"Atelier Pays-Bas - France"},"content":{"rendered":"<h2 class=\"wp-block-heading\">Informations g\u00e9n\u00e9rales<\/h2><h3 class=\"wp-block-heading\">Date :<\/h3><p> Mardi 9 juillet 2019 <\/p><h3 class=\"wp-block-heading\">Lieu :<\/h3><p>Stichting tot Bevordering der Notari\u00eble Wetenschap<br>Van Eeghestraat 222<br>1071 GM Amsterdam - Pays-Bas<br>020-6756479 <\/p><h2 class=\"wp-block-heading\">Documents<\/h2><h3 class=\"wp-block-heading\">Programme et inscriptions<\/h3><p><a href=\"https:\/\/www.nbfproject.eu\/wp-content\/uploads\/sites\/32\/2021\/03\/programme_amsterdam_fr1.pdf\" target=\"_blank\" rel=\"noreferrer noopener\">Cliquez ici pour acc\u00e9der au programme en Fran\u00e7ais<\/a><\/p><p><a href=\"https:\/\/www.nbfproject.eu\/wp-content\/uploads\/sites\/32\/2021\/03\/programme_amsterdam_nl1.pdf\" target=\"_blank\" rel=\"noreferrer noopener\">Cliquez ici pour acc\u00e9der au programme en N\u00e9erlandais<\/a><\/p><h3 class=\"wp-block-heading\">Pr\u00e9sentations et rapports de l'atelier<\/h3><p> Cas pratiques Franco-N\u00e9elandais, version n\u00e9erlandaise et fran\u00e7aise.\u00a0<a href=\"https:\/\/www.nbfproject.eu\/wp-content\/uploads\/sites\/32\/2021\/03\/cas_pratiques_fr_et_nl1.pdf\" target=\"_blank\" rel=\"noreferrer noopener\">T\u00e9l\u00e9charger ici<\/a><\/p><p>Pr\u00e9sentation des r\u00e8glements 2016-1103 &amp; 2016-1104 - version fran\u00e7aise.\u00a0<a href=\"https:\/\/www.nbfproject.eu\/wp-content\/uploads\/sites\/32\/2021\/03\/md_cn_rgt_et__loi_applicabl_fr1.pdf\" target=\"_blank\" rel=\"noreferrer noopener\">T\u00e9l\u00e9charger ici<\/a><\/p><p>Pr\u00e9sentation des r\u00e8glements 2016-1103 &amp; 2016-1104 - version n\u00e9erlandaise.\u00a0<a href=\"https:\/\/www.nbfproject.eu\/wp-content\/uploads\/sites\/32\/2021\/03\/md_cn_rgt_et_loi_applicabl_nl1.pdf\" target=\"_blank\" rel=\"noreferrer noopener\">T\u00e9l\u00e9charger ici<\/a><\/p><p>Pr\u00e9sentation de Monique Rombouts, r\u00e9gimes matrimoniaux aux Pays-Bas, version fran\u00e7aise.\u00a0<a href=\"https:\/\/www.nbfproject.eu\/wp-content\/uploads\/sites\/32\/2021\/03\/mrombouts_regimes_mat_pays-bas_fr1.pdf\" target=\"_blank\" rel=\"noreferrer noopener\">T\u00e9l\u00e9charger ici<\/a><\/p><p>Pr\u00e9sentation de Monique Rombouts, r\u00e9gimes matrimoniaux aux Pays-Bas, version n\u00e9erlandaise.\u00a0<a href=\"https:\/\/www.nbfproject.eu\/wp-content\/uploads\/sites\/32\/2021\/03\/mrombouts_regimes_mat_pays-bas_nl1.pdf\" target=\"_blank\" rel=\"noreferrer noopener\">T\u00e9l\u00e9charger ici<\/a><\/p><p>Pr\u00e9sentation de Fr\u00e9d\u00e9ric Varin, r\u00e9gimes matrimoniaux en France, version fran\u00e7aise.\u00a0<a href=\"https:\/\/www.nbfproject.eu\/wp-content\/uploads\/sites\/32\/2021\/03\/f-varin_regimes-mat-en-france_fr.pdf\" target=\"_blank\" rel=\"noreferrer noopener\">T\u00e9l\u00e9charger ici<\/a><\/p><p>Pr\u00e9sentation de Fr\u00e9d\u00e9ric Varin, r\u00e9gimes matrimoniaux en France, version n\u00e9erlandaise.\u00a0<a href=\"https:\/\/www.nbfproject.eu\/wp-content\/uploads\/sites\/32\/2021\/03\/f_varin_regimes_mat_en_france_nl1.pdf\" target=\"_blank\" rel=\"noreferrer noopener\">T\u00e9l\u00e9charger ici<\/a><\/p><p>Pr\u00e9sentation de Sabine Heijning, Les r\u00e8gles de comp\u00e9tences, la circulation des d\u00e9cisions et l'acceptation des actes authentiques aux Pays-Bas, version fran\u00e7aise.\u00a0<a href=\"https:\/\/www.nbfproject.eu\/wp-content\/uploads\/sites\/32\/2021\/03\/sheijning_competences_decisions_actes_authentiq_fr1.pdf\" target=\"_blank\" rel=\"noreferrer noopener\">T\u00e9l\u00e9charger ici<\/a><\/p><p>Pr\u00e9sentation de Sabine Heijning, Les r\u00e8gles de comp\u00e9tences, la circulation des d\u00e9cisions et l'acceptation des actes authentiques aux Pays-Bas, version n\u00e9erlandaise.\u00a0<a href=\"https:\/\/www.nbfproject.eu\/wp-content\/uploads\/sites\/32\/2021\/03\/sheijning_competences_decisions_actes_authentiq_nl1.pdf\" target=\"_blank\" rel=\"noreferrer noopener\">T\u00e9l\u00e9charger ici<\/a><\/p>","protected":false},"excerpt":{"rendered":"<p>Informations g\u00e9n\u00e9ralesDate : Mardi 9 juillet 2019 Lieu :Stichting tot Bevordering der Notari\u00eble WetenschapVan Eeghestraat 2221071 GM Amsterdam &#8211; Pays-Bas020-6756479 DocumentsProgramme et inscriptionsCliquez ici [&hellip;]<\/p>\n","protected":false},"author":2,"featured_media":761,"parent":479,"menu_order":3,"comment_status":"closed","ping_status":"closed","template":"","meta":{"_acf_changed":false,"footnotes":""},"class_list":["post-495","page","type-page","status-publish","has-post-thumbnail","hentry"],"acf":[],"yoast_head":"<!-- This site is optimized with the Yoast SEO plugin v24.1 - https:\/\/yoast.com\/wordpress\/plugins\/seo\/ -->\n<title>Atelier Pays-Bas - France - Notaries Beyond Frontiers<\/title>\n<meta name=\"robots\" content=\"index, follow, max-snippet:-1, max-image-preview:large, max-video-preview:-1\" \/>\n<link rel=\"canonical\" href=\"https:\/\/www.nbfproject.eu\/en\/ateliers\/atelier-pays-bas-france\/\" \/>\n<meta property=\"og:locale\" content=\"en_US\" \/>\n<meta property=\"og:type\" content=\"article\" \/>\n<meta property=\"og:title\" content=\"Atelier Pays-Bas - France - Notaries Beyond Frontiers\" \/>\n<meta property=\"og:description\" content=\"Informations g\u00e9n\u00e9ralesDate : Mardi 9 juillet 2019 Lieu :Stichting tot Bevordering der Notari\u00eble WetenschapVan Eeghestraat 2221071 GM Amsterdam - Pays-Bas020-6756479 DocumentsProgramme et inscriptionsCliquez ici [&hellip;]\" \/>\n<meta property=\"og:url\" content=\"https:\/\/www.nbfproject.eu\/en\/ateliers\/atelier-pays-bas-france\/\" \/>\n<meta property=\"og:site_name\" content=\"Notaries Beyond Frontiers\" \/>\n<meta property=\"article:modified_time\" content=\"2021-03-18T13:50:38+00:00\" \/>\n<meta property=\"og:image\" content=\"https:\/\/www.nbfproject.eu\/wp-content\/uploads\/sites\/32\/2020\/05\/canal.jpg\" \/>\n\t<meta property=\"og:image:width\" content=\"1920\" \/>\n\t<meta property=\"og:image:height\" content=\"575\" \/>\n\t<meta property=\"og:image:type\" content=\"image\/jpeg\" \/>\n<meta name=\"twitter:card\" content=\"summary_large_image\" \/>\n<meta name=\"twitter:label1\" content=\"Est. reading time\" \/>\n\t<meta name=\"twitter:data1\" content=\"1 minute\" \/>\n<script type=\"application\/ld+json\" class=\"yoast-schema-graph\">{\"@context\":\"https:\/\/schema.org\",\"@graph\":[{\"@type\":\"WebPage\",\"@id\":\"https:\/\/www.nbfproject.eu\/en\/ateliers\/atelier-pays-bas-france\/\",\"url\":\"https:\/\/www.nbfproject.eu\/en\/ateliers\/atelier-pays-bas-france\/\",\"name\":\"Atelier Pays-Bas - France - Notaries Beyond Frontiers\",\"isPartOf\":{\"@id\":\"https:\/\/www.nbfproject.eu\/en\/#website\"},\"primaryImageOfPage\":{\"@id\":\"https:\/\/www.nbfproject.eu\/en\/ateliers\/atelier-pays-bas-france\/#primaryimage\"},\"image\":{\"@id\":\"https:\/\/www.nbfproject.eu\/en\/ateliers\/atelier-pays-bas-france\/#primaryimage\"},\"thumbnailUrl\":\"https:\/\/www.nbfproject.eu\/wp-content\/uploads\/sites\/32\/2020\/05\/canal.jpg\",\"datePublished\":\"2020-03-19T15:01:55+00:00\",\"dateModified\":\"2021-03-18T13:50:38+00:00\",\"breadcrumb\":{\"@id\":\"https:\/\/www.nbfproject.eu\/en\/ateliers\/atelier-pays-bas-france\/#breadcrumb\"},\"inLanguage\":\"en-US\",\"potentialAction\":[{\"@type\":\"ReadAction\",\"target\":[\"https:\/\/www.nbfproject.eu\/en\/ateliers\/atelier-pays-bas-france\/\"]}]},{\"@type\":\"ImageObject\",\"inLanguage\":\"en-US\",\"@id\":\"https:\/\/www.nbfproject.eu\/en\/ateliers\/atelier-pays-bas-france\/#primaryimage\",\"url\":\"https:\/\/www.nbfproject.eu\/wp-content\/uploads\/sites\/32\/2020\/05\/canal.jpg\",\"contentUrl\":\"https:\/\/www.nbfproject.eu\/wp-content\/uploads\/sites\/32\/2020\/05\/canal.jpg\",\"width\":1920,\"height\":575,\"caption\":\"header pays-bas canal\"},{\"@type\":\"BreadcrumbList\",\"@id\":\"https:\/\/www.nbfproject.eu\/en\/ateliers\/atelier-pays-bas-france\/#breadcrumb\",\"itemListElement\":[{\"@type\":\"ListItem\",\"position\":1,\"name\":\"Accueil\",\"item\":\"https:\/\/www.nbfproject.eu\/en\/\"},{\"@type\":\"ListItem\",\"position\":2,\"name\":\"Ateliers bilat\u00e9raux\",\"item\":\"https:\/\/www.nbfproject.eu\/en\/ateliers\/\"},{\"@type\":\"ListItem\",\"position\":3,\"name\":\"Atelier Pays-Bas - France\"}]},{\"@type\":\"WebSite\",\"@id\":\"https:\/\/www.nbfproject.eu\/en\/#website\",\"url\":\"https:\/\/www.nbfproject.eu\/en\/\",\"name\":\"Notaries Beyond Frontiers\",\"description\":\"Un site utilisant Administration r\u00e9seau web UCLy\",\"publisher\":{\"@id\":\"https:\/\/www.nbfproject.eu\/en\/#organization\"},\"potentialAction\":[{\"@type\":\"SearchAction\",\"target\":{\"@type\":\"EntryPoint\",\"urlTemplate\":\"https:\/\/www.nbfproject.eu\/en\/?s={search_term_string}\"},\"query-input\":{\"@type\":\"PropertyValueSpecification\",\"valueRequired\":true,\"valueName\":\"search_term_string\"}}],\"inLanguage\":\"en-US\"},{\"@type\":\"Organization\",\"@id\":\"https:\/\/www.nbfproject.eu\/en\/#organization\",\"name\":\"Notaries Beyond Frontiers\",\"url\":\"https:\/\/www.nbfproject.eu\/en\/\",\"logo\":{\"@type\":\"ImageObject\",\"inLanguage\":\"en-US\",\"@id\":\"https:\/\/www.nbfproject.eu\/en\/#\/schema\/logo\/image\/\",\"url\":\"https:\/\/www.nbfproject.eu\/wp-content\/uploads\/sites\/32\/2020\/03\/logo_nbf-1.png\",\"contentUrl\":\"https:\/\/www.nbfproject.eu\/wp-content\/uploads\/sites\/32\/2020\/03\/logo_nbf-1.png\",\"width\":600,\"height\":481,\"caption\":\"Notaries Beyond Frontiers\"},\"image\":{\"@id\":\"https:\/\/www.nbfproject.eu\/en\/#\/schema\/logo\/image\/\"}}]}<\/script>\n<!-- \/ Yoast SEO plugin. -->","yoast_head_json":{"title":"Atelier Pays-Bas - France - Notaries Beyond Frontiers","robots":{"index":"index","follow":"follow","max-snippet":"max-snippet:-1","max-image-preview":"max-image-preview:large","max-video-preview":"max-video-preview:-1"},"canonical":"https:\/\/www.nbfproject.eu\/en\/ateliers\/atelier-pays-bas-france\/","og_locale":"en_US","og_type":"article","og_title":"Atelier Pays-Bas - France - Notaries Beyond Frontiers","og_description":"Informations g\u00e9n\u00e9ralesDate : Mardi 9 juillet 2019 Lieu :Stichting tot Bevordering der Notari\u00eble WetenschapVan Eeghestraat 2221071 GM Amsterdam - Pays-Bas020-6756479 DocumentsProgramme et inscriptionsCliquez ici [&hellip;]","og_url":"https:\/\/www.nbfproject.eu\/en\/ateliers\/atelier-pays-bas-france\/","og_site_name":"Notaries Beyond Frontiers","article_modified_time":"2021-03-18T13:50:38+00:00","og_image":[{"width":1920,"height":575,"url":"https:\/\/www.nbfproject.eu\/wp-content\/uploads\/sites\/32\/2020\/05\/canal.jpg","type":"image\/jpeg"}],"twitter_card":"summary_large_image","twitter_misc":{"Est. reading time":"1 minute"},"schema":{"@context":"https:\/\/schema.org","@graph":[{"@type":"WebPage","@id":"https:\/\/www.nbfproject.eu\/en\/ateliers\/atelier-pays-bas-france\/","url":"https:\/\/www.nbfproject.eu\/en\/ateliers\/atelier-pays-bas-france\/","name":"Atelier Pays-Bas - France - Notaries Beyond Frontiers","isPartOf":{"@id":"https:\/\/www.nbfproject.eu\/en\/#website"},"primaryImageOfPage":{"@id":"https:\/\/www.nbfproject.eu\/en\/ateliers\/atelier-pays-bas-france\/#primaryimage"},"image":{"@id":"https:\/\/www.nbfproject.eu\/en\/ateliers\/atelier-pays-bas-france\/#primaryimage"},"thumbnailUrl":"https:\/\/www.nbfproject.eu\/wp-content\/uploads\/sites\/32\/2020\/05\/canal.jpg","datePublished":"2020-03-19T15:01:55+00:00","dateModified":"2021-03-18T13:50:38+00:00","breadcrumb":{"@id":"https:\/\/www.nbfproject.eu\/en\/ateliers\/atelier-pays-bas-france\/#breadcrumb"},"inLanguage":"en-US","potentialAction":[{"@type":"ReadAction","target":["https:\/\/www.nbfproject.eu\/en\/ateliers\/atelier-pays-bas-france\/"]}]},{"@type":"ImageObject","inLanguage":"en-US","@id":"https:\/\/www.nbfproject.eu\/en\/ateliers\/atelier-pays-bas-france\/#primaryimage","url":"https:\/\/www.nbfproject.eu\/wp-content\/uploads\/sites\/32\/2020\/05\/canal.jpg","contentUrl":"https:\/\/www.nbfproject.eu\/wp-content\/uploads\/sites\/32\/2020\/05\/canal.jpg","width":1920,"height":575,"caption":"header pays-bas canal"},{"@type":"BreadcrumbList","@id":"https:\/\/www.nbfproject.eu\/en\/ateliers\/atelier-pays-bas-france\/#breadcrumb","itemListElement":[{"@type":"ListItem","position":1,"name":"Accueil","item":"https:\/\/www.nbfproject.eu\/en\/"},{"@type":"ListItem","position":2,"name":"Ateliers bilat\u00e9raux","item":"https:\/\/www.nbfproject.eu\/en\/ateliers\/"},{"@type":"ListItem","position":3,"name":"Atelier Pays-Bas - France"}]},{"@type":"WebSite","@id":"https:\/\/www.nbfproject.eu\/en\/#website","url":"https:\/\/www.nbfproject.eu\/en\/","name":"Notaries Beyond Frontiers","description":"Un site utilisant Administration r\u00e9seau web UCLy","publisher":{"@id":"https:\/\/www.nbfproject.eu\/en\/#organization"},"potentialAction":[{"@type":"SearchAction","target":{"@type":"EntryPoint","urlTemplate":"https:\/\/www.nbfproject.eu\/en\/?s={search_term_string}"},"query-input":{"@type":"PropertyValueSpecification","valueRequired":true,"valueName":"search_term_string"}}],"inLanguage":"en-US"},{"@type":"Organization","@id":"https:\/\/www.nbfproject.eu\/en\/#organization","name":"Notaries Beyond Frontiers","url":"https:\/\/www.nbfproject.eu\/en\/","logo":{"@type":"ImageObject","inLanguage":"en-US","@id":"https:\/\/www.nbfproject.eu\/en\/#\/schema\/logo\/image\/","url":"https:\/\/www.nbfproject.eu\/wp-content\/uploads\/sites\/32\/2020\/03\/logo_nbf-1.png","contentUrl":"https:\/\/www.nbfproject.eu\/wp-content\/uploads\/sites\/32\/2020\/03\/logo_nbf-1.png","width":600,"height":481,"caption":"Notaries Beyond Frontiers"},"image":{"@id":"https:\/\/www.nbfproject.eu\/en\/#\/schema\/logo\/image\/"}}]}},"_links":{"self":[{"href":"https:\/\/www.nbfproject.eu\/en\/wp-json\/wp\/v2\/pages\/495","targetHints":{"allow":["GET"]}}],"collection":[{"href":"https:\/\/www.nbfproject.eu\/en\/wp-json\/wp\/v2\/pages"}],"about":[{"href":"https:\/\/www.nbfproject.eu\/en\/wp-json\/wp\/v2\/types\/page"}],"author":[{"embeddable":true,"href":"https:\/\/www.nbfproject.eu\/en\/wp-json\/wp\/v2\/users\/2"}],"replies":[{"embeddable":true,"href":"https:\/\/www.nbfproject.eu\/en\/wp-json\/wp\/v2\/comments?post=495"}],"version-history":[{"count":5,"href":"https:\/\/www.nbfproject.eu\/en\/wp-json\/wp\/v2\/pages\/495\/revisions"}],"predecessor-version":[{"id":1158,"href":"https:\/\/www.nbfproject.eu\/en\/wp-json\/wp\/v2\/pages\/495\/revisions\/1158"}],"up":[{"embeddable":true,"href":"https:\/\/www.nbfproject.eu\/en\/wp-json\/wp\/v2\/pages\/479"}],"wp:featuredmedia":[{"embeddable":true,"href":"https:\/\/www.nbfproject.eu\/en\/wp-json\/wp\/v2\/media\/761"}],"wp:attachment":[{"href":"https:\/\/www.nbfproject.eu\/en\/wp-json\/wp\/v2\/media?parent=495"}],"curies":[{"name":"wp","href":"https:\/\/api.w.org\/{rel}","templated":true}]}}