{"id":492,"date":"2020-03-19T15:56:40","date_gmt":"2020-03-19T14:56:40","guid":{"rendered":"http:\/\/test2.nbfproject.eu\/?page_id=492"},"modified":"2021-03-18T14:28:42","modified_gmt":"2021-03-18T13:28:42","slug":"atelier-portugal-france","status":"publish","type":"page","link":"https:\/\/www.nbfproject.eu\/en\/ateliers\/atelier-portugal-france\/","title":{"rendered":"Atelier Portugal-France"},"content":{"rendered":"<h2 class=\"wp-block-heading\">Informations G\u00e9n\u00e9rales<\/h2><h3 class=\"wp-block-heading\">Date :<\/h3><p>Vendredi 14 juin 2019 <\/p><h3 class=\"wp-block-heading\">Lieu :<\/h3><p>Vendredi 14 juin 2019<br>Hotel Ipanema Porto (sale belmonte)<br>Rua do Campo Alegre<br>156\/172, Porto, 4150-169 - Portugal <\/p><h2 class=\"wp-block-heading\">Documents :<\/h2><h3 class=\"wp-block-heading\">Programmes et inscriptions<\/h3><p><a href=\"https:\/\/www.nbfproject.eu\/wp-content\/uploads\/sites\/32\/2021\/03\/programme-portugais-v31.pdf\">Cliquez ici pour acc\u00e9der au programme en fran\u00e7ais<\/a><\/p><p><a href=\"https:\/\/www.nbfproject.eu\/wp-content\/uploads\/sites\/32\/2021\/03\/programme-portuguais-trad1.pdf\" target=\"_blank\" rel=\"noreferrer noopener\">Cliquez ici pour acc\u00e9der au programme en portuguais<\/a><\/p><h3 class=\"wp-block-heading\">Pr\u00e9sentations et rapports de l'atelier<\/h3><p>Cas pratiques Franco-Portugais, version portugaise et fran\u00e7aise.\u00a0<a href=\"https:\/\/www.nbfproject.eu\/wp-content\/uploads\/sites\/32\/2021\/03\/cas_pratiques_franco-portugais_fr_et_pt1.pdf\" target=\"_blank\" rel=\"noreferrer noopener\">T\u00e9l\u00e9charger ici<\/a><\/p><p>Pr\u00e9sentation des r\u00e8glements 2016-1103 &amp; 2016-1104 - version fran\u00e7aise.\u00a0<a href=\"https:\/\/mediatheque.ucly.fr\/permalinks\/domain1\/2019\/06\/19\/4375-MD_CN_rgt_et_loi_applicabl_FR.pdf\" target=\"_blank\" rel=\"noreferrer noopener\">T<\/a><a href=\"https:\/\/www.nbfproject.eu\/wp-content\/uploads\/sites\/32\/2021\/03\/md_cn_rgt_et_loi_applicabl_fr1.pdf\" target=\"_blank\" rel=\"noreferrer noopener\">\u00e9l\u00e9charger ici<\/a><\/p><p>Pr\u00e9sentation des r\u00e8glements 2016-1103 &amp; 2016-1104 - version portugaise.\u00a0<a href=\"https:\/\/mediatheque.ucly.fr\/permalinks\/domain1\/2019\/06\/19\/4376-MD_CN_rgt_et_loi_applicabl_PT.pdf\" target=\"_blank\" rel=\"noreferrer noopener\">T\u00e9<\/a><a href=\"https:\/\/www.nbfproject.eu\/wp-content\/uploads\/sites\/32\/2021\/03\/md_cn_rgt_et_loi_applicabl_pt1.pdf\" target=\"_blank\" rel=\"noreferrer noopener\">l\u00e9charger ici<\/a><\/p><p>Pr\u00e9sentation de Ana Padesca, actes authentiques, version fran\u00e7aise.\u00a0<a href=\"https:\/\/www.nbfproject.eu\/wp-content\/uploads\/sites\/32\/2021\/03\/presentation_apadesca_fr1.pdf\" target=\"_blank\" rel=\"noreferrer noopener\">T\u00e9l\u00e9charger ici<\/a><\/p><p>Pr\u00e9sentation de Ana Padesca, r\u00e9gimes matrimoniaux, version portugaise.\u00a0<a href=\"https:\/\/www.nbfproject.eu\/wp-content\/uploads\/sites\/32\/2021\/03\/presentation_apadesca_pt1.pdf\" target=\"_blank\" rel=\"noreferrer noopener\">T\u00e9l\u00e9charger ici<\/a><\/p><p>Pr\u00e9sentation de Fr\u00e9d\u00e9ric Varin, r\u00e9gimes matrimoniaux, version fran\u00e7aise.\u00a0<a href=\"https:\/\/www.nbfproject.eu\/wp-content\/uploads\/sites\/32\/2021\/03\/presentation_f_varin_regimes_mat_en_france_fr1.pdf\" target=\"_blank\" rel=\"noreferrer noopener\">T\u00e9l\u00e9charger ici<\/a><\/p><p>Pr\u00e9sentation de Fr\u00e9d\u00e9ric Varin, r\u00e9gimes matrimoniaux, version portugaise.\u00a0<a href=\"https:\/\/www.nbfproject.eu\/wp-content\/uploads\/sites\/32\/2021\/03\/presentation_f_varin_regimes_mat_en_france_pt1.pdf\" target=\"_blank\" rel=\"noreferrer noopener\">T\u00e9l\u00e9charger ici<\/a><\/p><p>Pr\u00e9sentation de Helena Mota, version fran\u00e7aise.\u00a0<a href=\"https:\/\/www.nbfproject.eu\/wp-content\/uploads\/sites\/32\/2021\/03\/presentation_hmota_regime_mat_auportugal_fr1.pdf\" target=\"_blank\" rel=\"noreferrer noopener\">T\u00e9l\u00e9charger ici<\/a><\/p><p>Pr\u00e9sentation de Helena Mota, version portugaise.\u00a0<a href=\"https:\/\/www.nbfproject.eu\/wp-content\/uploads\/sites\/32\/2021\/03\/presentation_hmota_regime_mat_au_portugal_pt1.pdf\" target=\"_blank\" rel=\"noreferrer noopener\">T\u00e9l\u00e9charger ici<\/a><\/p>","protected":false},"excerpt":{"rendered":"<p>Informations G\u00e9n\u00e9ralesDate :Vendredi 14 juin 2019 Lieu :Vendredi 14 juin 2019Hotel Ipanema Porto (sale belmonte)Rua do Campo Alegre156\/172, Porto, 4150-169 &#8211; Portugal Documents :Programmes [&hellip;]<\/p>\n","protected":false},"author":2,"featured_media":754,"parent":479,"menu_order":7,"comment_status":"closed","ping_status":"closed","template":"","meta":{"_acf_changed":false,"footnotes":""},"class_list":["post-492","page","type-page","status-publish","has-post-thumbnail","hentry"],"acf":[],"yoast_head":"<!-- This site is optimized with the Yoast SEO plugin v24.1 - https:\/\/yoast.com\/wordpress\/plugins\/seo\/ -->\n<title>Atelier Portugal-France - Notaries Beyond Frontiers<\/title>\n<meta name=\"robots\" content=\"index, follow, max-snippet:-1, max-image-preview:large, max-video-preview:-1\" \/>\n<link rel=\"canonical\" href=\"https:\/\/www.nbfproject.eu\/en\/ateliers\/atelier-portugal-france\/\" \/>\n<meta property=\"og:locale\" content=\"en_US\" \/>\n<meta property=\"og:type\" content=\"article\" \/>\n<meta property=\"og:title\" content=\"Atelier Portugal-France - Notaries Beyond Frontiers\" \/>\n<meta property=\"og:description\" content=\"Informations G\u00e9n\u00e9ralesDate :Vendredi 14 juin 2019 Lieu :Vendredi 14 juin 2019Hotel Ipanema Porto (sale belmonte)Rua do Campo Alegre156\/172, Porto, 4150-169 - Portugal Documents :Programmes [&hellip;]\" \/>\n<meta property=\"og:url\" content=\"https:\/\/www.nbfproject.eu\/en\/ateliers\/atelier-portugal-france\/\" \/>\n<meta property=\"og:site_name\" content=\"Notaries Beyond Frontiers\" \/>\n<meta property=\"article:modified_time\" content=\"2021-03-18T13:28:42+00:00\" \/>\n<meta property=\"og:image\" content=\"https:\/\/www.nbfproject.eu\/wp-content\/uploads\/sites\/32\/2020\/05\/lisbonne-mer.jpg\" \/>\n\t<meta property=\"og:image:width\" content=\"1920\" \/>\n\t<meta property=\"og:image:height\" content=\"575\" \/>\n\t<meta property=\"og:image:type\" content=\"image\/jpeg\" \/>\n<meta name=\"twitter:card\" content=\"summary_large_image\" \/>\n<meta name=\"twitter:label1\" content=\"Est. reading time\" \/>\n\t<meta name=\"twitter:data1\" content=\"1 minute\" \/>\n<script type=\"application\/ld+json\" class=\"yoast-schema-graph\">{\"@context\":\"https:\/\/schema.org\",\"@graph\":[{\"@type\":\"WebPage\",\"@id\":\"https:\/\/www.nbfproject.eu\/en\/ateliers\/atelier-portugal-france\/\",\"url\":\"https:\/\/www.nbfproject.eu\/en\/ateliers\/atelier-portugal-france\/\",\"name\":\"Atelier Portugal-France - Notaries Beyond Frontiers\",\"isPartOf\":{\"@id\":\"https:\/\/www.nbfproject.eu\/en\/#website\"},\"primaryImageOfPage\":{\"@id\":\"https:\/\/www.nbfproject.eu\/en\/ateliers\/atelier-portugal-france\/#primaryimage\"},\"image\":{\"@id\":\"https:\/\/www.nbfproject.eu\/en\/ateliers\/atelier-portugal-france\/#primaryimage\"},\"thumbnailUrl\":\"https:\/\/www.nbfproject.eu\/wp-content\/uploads\/sites\/32\/2020\/05\/lisbonne-mer.jpg\",\"datePublished\":\"2020-03-19T14:56:40+00:00\",\"dateModified\":\"2021-03-18T13:28:42+00:00\",\"breadcrumb\":{\"@id\":\"https:\/\/www.nbfproject.eu\/en\/ateliers\/atelier-portugal-france\/#breadcrumb\"},\"inLanguage\":\"en-US\",\"potentialAction\":[{\"@type\":\"ReadAction\",\"target\":[\"https:\/\/www.nbfproject.eu\/en\/ateliers\/atelier-portugal-france\/\"]}]},{\"@type\":\"ImageObject\",\"inLanguage\":\"en-US\",\"@id\":\"https:\/\/www.nbfproject.eu\/en\/ateliers\/atelier-portugal-france\/#primaryimage\",\"url\":\"https:\/\/www.nbfproject.eu\/wp-content\/uploads\/sites\/32\/2020\/05\/lisbonne-mer.jpg\",\"contentUrl\":\"https:\/\/www.nbfproject.eu\/wp-content\/uploads\/sites\/32\/2020\/05\/lisbonne-mer.jpg\",\"width\":1920,\"height\":575,\"caption\":\"header lisbonne mer place\"},{\"@type\":\"BreadcrumbList\",\"@id\":\"https:\/\/www.nbfproject.eu\/en\/ateliers\/atelier-portugal-france\/#breadcrumb\",\"itemListElement\":[{\"@type\":\"ListItem\",\"position\":1,\"name\":\"Accueil\",\"item\":\"https:\/\/www.nbfproject.eu\/en\/\"},{\"@type\":\"ListItem\",\"position\":2,\"name\":\"Ateliers bilat\u00e9raux\",\"item\":\"https:\/\/www.nbfproject.eu\/en\/ateliers\/\"},{\"@type\":\"ListItem\",\"position\":3,\"name\":\"Atelier Portugal-France\"}]},{\"@type\":\"WebSite\",\"@id\":\"https:\/\/www.nbfproject.eu\/en\/#website\",\"url\":\"https:\/\/www.nbfproject.eu\/en\/\",\"name\":\"Notaries Beyond Frontiers\",\"description\":\"Un site utilisant Administration r\u00e9seau web UCLy\",\"publisher\":{\"@id\":\"https:\/\/www.nbfproject.eu\/en\/#organization\"},\"potentialAction\":[{\"@type\":\"SearchAction\",\"target\":{\"@type\":\"EntryPoint\",\"urlTemplate\":\"https:\/\/www.nbfproject.eu\/en\/?s={search_term_string}\"},\"query-input\":{\"@type\":\"PropertyValueSpecification\",\"valueRequired\":true,\"valueName\":\"search_term_string\"}}],\"inLanguage\":\"en-US\"},{\"@type\":\"Organization\",\"@id\":\"https:\/\/www.nbfproject.eu\/en\/#organization\",\"name\":\"Notaries Beyond Frontiers\",\"url\":\"https:\/\/www.nbfproject.eu\/en\/\",\"logo\":{\"@type\":\"ImageObject\",\"inLanguage\":\"en-US\",\"@id\":\"https:\/\/www.nbfproject.eu\/en\/#\/schema\/logo\/image\/\",\"url\":\"https:\/\/www.nbfproject.eu\/wp-content\/uploads\/sites\/32\/2020\/03\/logo_nbf-1.png\",\"contentUrl\":\"https:\/\/www.nbfproject.eu\/wp-content\/uploads\/sites\/32\/2020\/03\/logo_nbf-1.png\",\"width\":600,\"height\":481,\"caption\":\"Notaries Beyond Frontiers\"},\"image\":{\"@id\":\"https:\/\/www.nbfproject.eu\/en\/#\/schema\/logo\/image\/\"}}]}<\/script>\n<!-- \/ Yoast SEO plugin. -->","yoast_head_json":{"title":"Atelier Portugal-France - Notaries Beyond Frontiers","robots":{"index":"index","follow":"follow","max-snippet":"max-snippet:-1","max-image-preview":"max-image-preview:large","max-video-preview":"max-video-preview:-1"},"canonical":"https:\/\/www.nbfproject.eu\/en\/ateliers\/atelier-portugal-france\/","og_locale":"en_US","og_type":"article","og_title":"Atelier Portugal-France - Notaries Beyond Frontiers","og_description":"Informations G\u00e9n\u00e9ralesDate :Vendredi 14 juin 2019 Lieu :Vendredi 14 juin 2019Hotel Ipanema Porto (sale belmonte)Rua do Campo Alegre156\/172, Porto, 4150-169 - Portugal Documents :Programmes [&hellip;]","og_url":"https:\/\/www.nbfproject.eu\/en\/ateliers\/atelier-portugal-france\/","og_site_name":"Notaries Beyond Frontiers","article_modified_time":"2021-03-18T13:28:42+00:00","og_image":[{"width":1920,"height":575,"url":"https:\/\/www.nbfproject.eu\/wp-content\/uploads\/sites\/32\/2020\/05\/lisbonne-mer.jpg","type":"image\/jpeg"}],"twitter_card":"summary_large_image","twitter_misc":{"Est. reading time":"1 minute"},"schema":{"@context":"https:\/\/schema.org","@graph":[{"@type":"WebPage","@id":"https:\/\/www.nbfproject.eu\/en\/ateliers\/atelier-portugal-france\/","url":"https:\/\/www.nbfproject.eu\/en\/ateliers\/atelier-portugal-france\/","name":"Atelier Portugal-France - Notaries Beyond Frontiers","isPartOf":{"@id":"https:\/\/www.nbfproject.eu\/en\/#website"},"primaryImageOfPage":{"@id":"https:\/\/www.nbfproject.eu\/en\/ateliers\/atelier-portugal-france\/#primaryimage"},"image":{"@id":"https:\/\/www.nbfproject.eu\/en\/ateliers\/atelier-portugal-france\/#primaryimage"},"thumbnailUrl":"https:\/\/www.nbfproject.eu\/wp-content\/uploads\/sites\/32\/2020\/05\/lisbonne-mer.jpg","datePublished":"2020-03-19T14:56:40+00:00","dateModified":"2021-03-18T13:28:42+00:00","breadcrumb":{"@id":"https:\/\/www.nbfproject.eu\/en\/ateliers\/atelier-portugal-france\/#breadcrumb"},"inLanguage":"en-US","potentialAction":[{"@type":"ReadAction","target":["https:\/\/www.nbfproject.eu\/en\/ateliers\/atelier-portugal-france\/"]}]},{"@type":"ImageObject","inLanguage":"en-US","@id":"https:\/\/www.nbfproject.eu\/en\/ateliers\/atelier-portugal-france\/#primaryimage","url":"https:\/\/www.nbfproject.eu\/wp-content\/uploads\/sites\/32\/2020\/05\/lisbonne-mer.jpg","contentUrl":"https:\/\/www.nbfproject.eu\/wp-content\/uploads\/sites\/32\/2020\/05\/lisbonne-mer.jpg","width":1920,"height":575,"caption":"header lisbonne mer place"},{"@type":"BreadcrumbList","@id":"https:\/\/www.nbfproject.eu\/en\/ateliers\/atelier-portugal-france\/#breadcrumb","itemListElement":[{"@type":"ListItem","position":1,"name":"Accueil","item":"https:\/\/www.nbfproject.eu\/en\/"},{"@type":"ListItem","position":2,"name":"Ateliers bilat\u00e9raux","item":"https:\/\/www.nbfproject.eu\/en\/ateliers\/"},{"@type":"ListItem","position":3,"name":"Atelier Portugal-France"}]},{"@type":"WebSite","@id":"https:\/\/www.nbfproject.eu\/en\/#website","url":"https:\/\/www.nbfproject.eu\/en\/","name":"Notaries Beyond Frontiers","description":"Un site utilisant Administration r\u00e9seau web UCLy","publisher":{"@id":"https:\/\/www.nbfproject.eu\/en\/#organization"},"potentialAction":[{"@type":"SearchAction","target":{"@type":"EntryPoint","urlTemplate":"https:\/\/www.nbfproject.eu\/en\/?s={search_term_string}"},"query-input":{"@type":"PropertyValueSpecification","valueRequired":true,"valueName":"search_term_string"}}],"inLanguage":"en-US"},{"@type":"Organization","@id":"https:\/\/www.nbfproject.eu\/en\/#organization","name":"Notaries Beyond Frontiers","url":"https:\/\/www.nbfproject.eu\/en\/","logo":{"@type":"ImageObject","inLanguage":"en-US","@id":"https:\/\/www.nbfproject.eu\/en\/#\/schema\/logo\/image\/","url":"https:\/\/www.nbfproject.eu\/wp-content\/uploads\/sites\/32\/2020\/03\/logo_nbf-1.png","contentUrl":"https:\/\/www.nbfproject.eu\/wp-content\/uploads\/sites\/32\/2020\/03\/logo_nbf-1.png","width":600,"height":481,"caption":"Notaries Beyond Frontiers"},"image":{"@id":"https:\/\/www.nbfproject.eu\/en\/#\/schema\/logo\/image\/"}}]}},"_links":{"self":[{"href":"https:\/\/www.nbfproject.eu\/en\/wp-json\/wp\/v2\/pages\/492","targetHints":{"allow":["GET"]}}],"collection":[{"href":"https:\/\/www.nbfproject.eu\/en\/wp-json\/wp\/v2\/pages"}],"about":[{"href":"https:\/\/www.nbfproject.eu\/en\/wp-json\/wp\/v2\/types\/page"}],"author":[{"embeddable":true,"href":"https:\/\/www.nbfproject.eu\/en\/wp-json\/wp\/v2\/users\/2"}],"replies":[{"embeddable":true,"href":"https:\/\/www.nbfproject.eu\/en\/wp-json\/wp\/v2\/comments?post=492"}],"version-history":[{"count":6,"href":"https:\/\/www.nbfproject.eu\/en\/wp-json\/wp\/v2\/pages\/492\/revisions"}],"predecessor-version":[{"id":1129,"href":"https:\/\/www.nbfproject.eu\/en\/wp-json\/wp\/v2\/pages\/492\/revisions\/1129"}],"up":[{"embeddable":true,"href":"https:\/\/www.nbfproject.eu\/en\/wp-json\/wp\/v2\/pages\/479"}],"wp:featuredmedia":[{"embeddable":true,"href":"https:\/\/www.nbfproject.eu\/en\/wp-json\/wp\/v2\/media\/754"}],"wp:attachment":[{"href":"https:\/\/www.nbfproject.eu\/en\/wp-json\/wp\/v2\/media?parent=492"}],"curies":[{"name":"wp","href":"https:\/\/api.w.org\/{rel}","templated":true}]}}