{"id":490,"date":"2020-03-19T15:56:00","date_gmt":"2020-03-19T14:56:00","guid":{"rendered":"http:\/\/test2.nbfproject.eu\/?page_id=490"},"modified":"2021-03-31T13:29:33","modified_gmt":"2021-03-31T11:29:33","slug":"atelier-france-pays-bas","status":"publish","type":"page","link":"https:\/\/www.nbfproject.eu\/en\/ateliers\/atelier-france-pays-bas\/","title":{"rendered":"Atelier France - Pays-Bas"},"content":{"rendered":"<h2 class=\"wp-block-heading\">Informations g\u00e9n\u00e9rales<\/h2><h3 class=\"wp-block-heading\">DATE :<\/h3><p> Vendredi 17 janvier 2020 <\/p><h3 class=\"wp-block-heading\">LIEU :<\/h3><p>Universit\u00e9 Catholique de Lille<br>La Maison des Chercheurs<br>14 boulevard Vauban<br>59000 Lille <\/p><h2 class=\"wp-block-heading\">Documents<\/h2><h3 class=\"wp-block-heading\">PROGRAMMES ET INSCRIPTIONS<\/h3><p><a href=\"https:\/\/www.nbfproject.eu\/wp-content\/uploads\/sites\/32\/2021\/03\/programme-fr_lille_17.1.20.pdf\" target=\"_blank\" rel=\"noreferrer noopener\">Cliquez ici pour acc\u00e9der au programme en fran\u00e7ais<\/a><\/p><p><a href=\"https:\/\/www.nbfproject.eu\/wp-content\/uploads\/sites\/32\/2021\/03\/programme-nl_lille_17.1.20.pdf\" target=\"_blank\" rel=\"noreferrer noopener\">Cliquez ici pour acc\u00e9der au programme en n\u00e9erlandais<\/a><\/p><h3 class=\"wp-block-heading\">PR\u00c9SENTATIONS ET RAPPORTS DE L'ATELIER<\/h3><p>Cas pratiques franco-n\u00e9erlandais, version n\u00e9erlandaise et fran\u00e7aise.\u00a0<a href=\"https:\/\/www.nbfproject.eu\/wp-content\/uploads\/sites\/32\/2021\/03\/cas-pratiques-fr-et-nl.pdf\" target=\"_blank\" rel=\"noreferrer noopener\">T\u00e9l\u00e9charger ici<\/a><\/p><p>Pr\u00e9sentation des r\u00e8glements 2016-1103 &amp; 2016-1104 - version fran\u00e7aise.\u00a0<a href=\"https:\/\/www.nbfproject.eu\/wp-content\/uploads\/sites\/32\/2021\/03\/md_cn_rgt-et-loi-applicabl_fr-1.pdf\" target=\"_blank\" rel=\"noreferrer noopener\">T\u00e9l\u00e9charger ici<\/a><\/p><p>Pr\u00e9sentation des r\u00e8glements 2016-1103 &amp; 2016-1104 - version n\u00e9erlandaise.\u00a0<a href=\"https:\/\/www.nbfproject.eu\/wp-content\/uploads\/sites\/32\/2021\/03\/md_cn_rgt-et-loi-applicabl_nl.pdf\" target=\"_blank\" rel=\"noreferrer noopener\">T\u00e9l\u00e9charger ici<\/a><\/p><p>Pr\u00e9sentation de Fabrice Laevens, r\u00e9gimes matrimoniaux en France, version fran\u00e7aise.\u00a0<a href=\"https:\/\/www.nbfproject.eu\/wp-content\/uploads\/sites\/32\/2021\/03\/f-laevens_regimes-mat-en-france_fr.pdf\" target=\"_blank\" rel=\"noreferrer noopener\">T\u00e9l\u00e9charger ici<\/a><\/p><p>Pr\u00e9sentation de Fabrice Laevens, r\u00e9gimes matrimoniaux en France, version n\u00e9erlandaise.\u00a0<a href=\"https:\/\/www.nbfproject.eu\/wp-content\/uploads\/sites\/32\/2021\/03\/f-laevens_regimes-mat-en-france_nl.pdf\" target=\"_blank\" rel=\"noreferrer noopener\">T\u00e9l\u00e9charger ici<\/a><\/p><p>Pr\u00e9sentation de Mireille Bosscher, r\u00e9gimes matrimoniaux aux Pays-Bas, version fran\u00e7aise.\u00a0<a href=\"https:\/\/www.nbfproject.eu\/wp-content\/uploads\/sites\/32\/2021\/03\/m-bosscher_regimes-mat-pays-bas_fr.pdf\" target=\"_blank\" rel=\"noreferrer noopener\">T\u00e9l\u00e9charger ici<\/a><\/p><p>Pr\u00e9sentation de Mireille Bosscher, r\u00e9gimes matrimoniaux aux Pays-Bas, version n\u00e9erlandaise.\u00a0<a href=\"https:\/\/www.nbfproject.eu\/wp-content\/uploads\/sites\/32\/2021\/03\/m-bosscher_regimes-mat-pays-bas_nl.pdf\" target=\"_blank\" rel=\"noreferrer noopener\">T\u00e9l\u00e9charger ici<\/a><\/p><p>Pr\u00e9sentation de Michel Van Velzen, Les r\u00e8gles de comp\u00e9tences, la circulation des d\u00e9cisions et l'acceptation des actes authentiques aux Pays-Bas, version fran\u00e7aise.\u00a0<a href=\"https:\/\/www.nbfproject.eu\/wp-content\/uploads\/sites\/32\/2021\/03\/m-van-velzen_competences_decisions_actes_fr.pdf\" target=\"_blank\" rel=\"noreferrer noopener\">T\u00e9l\u00e9charger ici<\/a><\/p><p>Pr\u00e9sentation de Michel Van Velzen, Les r\u00e8gles de comp\u00e9tences, la circulation des d\u00e9cisions et l'acceptation des actes authentiques aux Pays-Bas, version n\u00e9erlandaise.\u00a0<a href=\"https:\/\/www.nbfproject.eu\/wp-content\/uploads\/sites\/32\/2021\/03\/m-van-velzen_competences_decisions_actes_nl.pdf\" target=\"_blank\" rel=\"noreferrer noopener\">T\u00e9l\u00e9charger ici<\/a><\/p>","protected":false},"excerpt":{"rendered":"<p>Informations g\u00e9n\u00e9ralesDATE : Vendredi 17 janvier 2020 LIEU :Universit\u00e9 Catholique de LilleLa Maison des Chercheurs14 boulevard Vauban59000 Lille DocumentsPROGRAMMES ET INSCRIPTIONSCliquez ici pour acc\u00e9der [&hellip;]<\/p>\n","protected":false},"author":2,"featured_media":410,"parent":479,"menu_order":6,"comment_status":"closed","ping_status":"closed","template":"","meta":{"_acf_changed":false,"footnotes":""},"class_list":["post-490","page","type-page","status-publish","has-post-thumbnail","hentry"],"acf":[],"yoast_head":"<!-- This site is optimized with the Yoast SEO plugin v24.1 - https:\/\/yoast.com\/wordpress\/plugins\/seo\/ -->\n<title>Atelier France - Pays-Bas - Notaries Beyond Frontiers<\/title>\n<meta name=\"robots\" content=\"index, follow, max-snippet:-1, max-image-preview:large, max-video-preview:-1\" \/>\n<link rel=\"canonical\" href=\"https:\/\/www.nbfproject.eu\/en\/ateliers\/atelier-france-pays-bas\/\" \/>\n<meta property=\"og:locale\" content=\"en_US\" \/>\n<meta property=\"og:type\" content=\"article\" \/>\n<meta property=\"og:title\" content=\"Atelier France - Pays-Bas - Notaries Beyond Frontiers\" \/>\n<meta property=\"og:description\" content=\"Informations g\u00e9n\u00e9ralesDATE : Vendredi 17 janvier 2020 LIEU :Universit\u00e9 Catholique de LilleLa Maison des Chercheurs14 boulevard Vauban59000 Lille DocumentsPROGRAMMES ET INSCRIPTIONSCliquez ici pour acc\u00e9der [&hellip;]\" \/>\n<meta property=\"og:url\" content=\"https:\/\/www.nbfproject.eu\/en\/ateliers\/atelier-france-pays-bas\/\" \/>\n<meta property=\"og:site_name\" content=\"Notaries Beyond Frontiers\" \/>\n<meta property=\"article:modified_time\" content=\"2021-03-31T11:29:33+00:00\" \/>\n<meta property=\"og:image\" content=\"https:\/\/www.nbfproject.eu\/wp-content\/uploads\/sites\/32\/2020\/03\/header1.jpg\" \/>\n\t<meta property=\"og:image:width\" content=\"1920\" \/>\n\t<meta property=\"og:image:height\" content=\"575\" \/>\n\t<meta property=\"og:image:type\" content=\"image\/jpeg\" \/>\n<meta name=\"twitter:card\" content=\"summary_large_image\" \/>\n<meta name=\"twitter:label1\" content=\"Est. reading time\" \/>\n\t<meta name=\"twitter:data1\" content=\"1 minute\" \/>\n<script type=\"application\/ld+json\" class=\"yoast-schema-graph\">{\"@context\":\"https:\/\/schema.org\",\"@graph\":[{\"@type\":\"WebPage\",\"@id\":\"https:\/\/www.nbfproject.eu\/en\/ateliers\/atelier-france-pays-bas\/\",\"url\":\"https:\/\/www.nbfproject.eu\/en\/ateliers\/atelier-france-pays-bas\/\",\"name\":\"Atelier France - Pays-Bas - Notaries Beyond Frontiers\",\"isPartOf\":{\"@id\":\"https:\/\/www.nbfproject.eu\/en\/#website\"},\"primaryImageOfPage\":{\"@id\":\"https:\/\/www.nbfproject.eu\/en\/ateliers\/atelier-france-pays-bas\/#primaryimage\"},\"image\":{\"@id\":\"https:\/\/www.nbfproject.eu\/en\/ateliers\/atelier-france-pays-bas\/#primaryimage\"},\"thumbnailUrl\":\"https:\/\/www.nbfproject.eu\/wp-content\/uploads\/sites\/32\/2020\/03\/header1.jpg\",\"datePublished\":\"2020-03-19T14:56:00+00:00\",\"dateModified\":\"2021-03-31T11:29:33+00:00\",\"breadcrumb\":{\"@id\":\"https:\/\/www.nbfproject.eu\/en\/ateliers\/atelier-france-pays-bas\/#breadcrumb\"},\"inLanguage\":\"en-US\",\"potentialAction\":[{\"@type\":\"ReadAction\",\"target\":[\"https:\/\/www.nbfproject.eu\/en\/ateliers\/atelier-france-pays-bas\/\"]}]},{\"@type\":\"ImageObject\",\"inLanguage\":\"en-US\",\"@id\":\"https:\/\/www.nbfproject.eu\/en\/ateliers\/atelier-france-pays-bas\/#primaryimage\",\"url\":\"https:\/\/www.nbfproject.eu\/wp-content\/uploads\/sites\/32\/2020\/03\/header1.jpg\",\"contentUrl\":\"https:\/\/www.nbfproject.eu\/wp-content\/uploads\/sites\/32\/2020\/03\/header1.jpg\",\"width\":1920,\"height\":575,\"caption\":\"header nbf maisons rotterdam\"},{\"@type\":\"BreadcrumbList\",\"@id\":\"https:\/\/www.nbfproject.eu\/en\/ateliers\/atelier-france-pays-bas\/#breadcrumb\",\"itemListElement\":[{\"@type\":\"ListItem\",\"position\":1,\"name\":\"Accueil\",\"item\":\"https:\/\/www.nbfproject.eu\/en\/\"},{\"@type\":\"ListItem\",\"position\":2,\"name\":\"Ateliers bilat\u00e9raux\",\"item\":\"https:\/\/www.nbfproject.eu\/en\/ateliers\/\"},{\"@type\":\"ListItem\",\"position\":3,\"name\":\"Atelier France - Pays-Bas\"}]},{\"@type\":\"WebSite\",\"@id\":\"https:\/\/www.nbfproject.eu\/en\/#website\",\"url\":\"https:\/\/www.nbfproject.eu\/en\/\",\"name\":\"Notaries Beyond Frontiers\",\"description\":\"Un site utilisant Administration r\u00e9seau web UCLy\",\"publisher\":{\"@id\":\"https:\/\/www.nbfproject.eu\/en\/#organization\"},\"potentialAction\":[{\"@type\":\"SearchAction\",\"target\":{\"@type\":\"EntryPoint\",\"urlTemplate\":\"https:\/\/www.nbfproject.eu\/en\/?s={search_term_string}\"},\"query-input\":{\"@type\":\"PropertyValueSpecification\",\"valueRequired\":true,\"valueName\":\"search_term_string\"}}],\"inLanguage\":\"en-US\"},{\"@type\":\"Organization\",\"@id\":\"https:\/\/www.nbfproject.eu\/en\/#organization\",\"name\":\"Notaries Beyond Frontiers\",\"url\":\"https:\/\/www.nbfproject.eu\/en\/\",\"logo\":{\"@type\":\"ImageObject\",\"inLanguage\":\"en-US\",\"@id\":\"https:\/\/www.nbfproject.eu\/en\/#\/schema\/logo\/image\/\",\"url\":\"https:\/\/www.nbfproject.eu\/wp-content\/uploads\/sites\/32\/2020\/03\/logo_nbf-1.png\",\"contentUrl\":\"https:\/\/www.nbfproject.eu\/wp-content\/uploads\/sites\/32\/2020\/03\/logo_nbf-1.png\",\"width\":600,\"height\":481,\"caption\":\"Notaries Beyond Frontiers\"},\"image\":{\"@id\":\"https:\/\/www.nbfproject.eu\/en\/#\/schema\/logo\/image\/\"}}]}<\/script>\n<!-- \/ Yoast SEO plugin. -->","yoast_head_json":{"title":"Atelier France - Pays-Bas - Notaries Beyond Frontiers","robots":{"index":"index","follow":"follow","max-snippet":"max-snippet:-1","max-image-preview":"max-image-preview:large","max-video-preview":"max-video-preview:-1"},"canonical":"https:\/\/www.nbfproject.eu\/en\/ateliers\/atelier-france-pays-bas\/","og_locale":"en_US","og_type":"article","og_title":"Atelier France - Pays-Bas - Notaries Beyond Frontiers","og_description":"Informations g\u00e9n\u00e9ralesDATE : Vendredi 17 janvier 2020 LIEU :Universit\u00e9 Catholique de LilleLa Maison des Chercheurs14 boulevard Vauban59000 Lille DocumentsPROGRAMMES ET INSCRIPTIONSCliquez ici pour acc\u00e9der [&hellip;]","og_url":"https:\/\/www.nbfproject.eu\/en\/ateliers\/atelier-france-pays-bas\/","og_site_name":"Notaries Beyond Frontiers","article_modified_time":"2021-03-31T11:29:33+00:00","og_image":[{"width":1920,"height":575,"url":"https:\/\/www.nbfproject.eu\/wp-content\/uploads\/sites\/32\/2020\/03\/header1.jpg","type":"image\/jpeg"}],"twitter_card":"summary_large_image","twitter_misc":{"Est. reading time":"1 minute"},"schema":{"@context":"https:\/\/schema.org","@graph":[{"@type":"WebPage","@id":"https:\/\/www.nbfproject.eu\/en\/ateliers\/atelier-france-pays-bas\/","url":"https:\/\/www.nbfproject.eu\/en\/ateliers\/atelier-france-pays-bas\/","name":"Atelier France - Pays-Bas - Notaries Beyond Frontiers","isPartOf":{"@id":"https:\/\/www.nbfproject.eu\/en\/#website"},"primaryImageOfPage":{"@id":"https:\/\/www.nbfproject.eu\/en\/ateliers\/atelier-france-pays-bas\/#primaryimage"},"image":{"@id":"https:\/\/www.nbfproject.eu\/en\/ateliers\/atelier-france-pays-bas\/#primaryimage"},"thumbnailUrl":"https:\/\/www.nbfproject.eu\/wp-content\/uploads\/sites\/32\/2020\/03\/header1.jpg","datePublished":"2020-03-19T14:56:00+00:00","dateModified":"2021-03-31T11:29:33+00:00","breadcrumb":{"@id":"https:\/\/www.nbfproject.eu\/en\/ateliers\/atelier-france-pays-bas\/#breadcrumb"},"inLanguage":"en-US","potentialAction":[{"@type":"ReadAction","target":["https:\/\/www.nbfproject.eu\/en\/ateliers\/atelier-france-pays-bas\/"]}]},{"@type":"ImageObject","inLanguage":"en-US","@id":"https:\/\/www.nbfproject.eu\/en\/ateliers\/atelier-france-pays-bas\/#primaryimage","url":"https:\/\/www.nbfproject.eu\/wp-content\/uploads\/sites\/32\/2020\/03\/header1.jpg","contentUrl":"https:\/\/www.nbfproject.eu\/wp-content\/uploads\/sites\/32\/2020\/03\/header1.jpg","width":1920,"height":575,"caption":"header nbf maisons rotterdam"},{"@type":"BreadcrumbList","@id":"https:\/\/www.nbfproject.eu\/en\/ateliers\/atelier-france-pays-bas\/#breadcrumb","itemListElement":[{"@type":"ListItem","position":1,"name":"Accueil","item":"https:\/\/www.nbfproject.eu\/en\/"},{"@type":"ListItem","position":2,"name":"Ateliers bilat\u00e9raux","item":"https:\/\/www.nbfproject.eu\/en\/ateliers\/"},{"@type":"ListItem","position":3,"name":"Atelier France - Pays-Bas"}]},{"@type":"WebSite","@id":"https:\/\/www.nbfproject.eu\/en\/#website","url":"https:\/\/www.nbfproject.eu\/en\/","name":"Notaries Beyond Frontiers","description":"Un site utilisant Administration r\u00e9seau web UCLy","publisher":{"@id":"https:\/\/www.nbfproject.eu\/en\/#organization"},"potentialAction":[{"@type":"SearchAction","target":{"@type":"EntryPoint","urlTemplate":"https:\/\/www.nbfproject.eu\/en\/?s={search_term_string}"},"query-input":{"@type":"PropertyValueSpecification","valueRequired":true,"valueName":"search_term_string"}}],"inLanguage":"en-US"},{"@type":"Organization","@id":"https:\/\/www.nbfproject.eu\/en\/#organization","name":"Notaries Beyond Frontiers","url":"https:\/\/www.nbfproject.eu\/en\/","logo":{"@type":"ImageObject","inLanguage":"en-US","@id":"https:\/\/www.nbfproject.eu\/en\/#\/schema\/logo\/image\/","url":"https:\/\/www.nbfproject.eu\/wp-content\/uploads\/sites\/32\/2020\/03\/logo_nbf-1.png","contentUrl":"https:\/\/www.nbfproject.eu\/wp-content\/uploads\/sites\/32\/2020\/03\/logo_nbf-1.png","width":600,"height":481,"caption":"Notaries Beyond Frontiers"},"image":{"@id":"https:\/\/www.nbfproject.eu\/en\/#\/schema\/logo\/image\/"}}]}},"_links":{"self":[{"href":"https:\/\/www.nbfproject.eu\/en\/wp-json\/wp\/v2\/pages\/490","targetHints":{"allow":["GET"]}}],"collection":[{"href":"https:\/\/www.nbfproject.eu\/en\/wp-json\/wp\/v2\/pages"}],"about":[{"href":"https:\/\/www.nbfproject.eu\/en\/wp-json\/wp\/v2\/types\/page"}],"author":[{"embeddable":true,"href":"https:\/\/www.nbfproject.eu\/en\/wp-json\/wp\/v2\/users\/2"}],"replies":[{"embeddable":true,"href":"https:\/\/www.nbfproject.eu\/en\/wp-json\/wp\/v2\/comments?post=490"}],"version-history":[{"count":4,"href":"https:\/\/www.nbfproject.eu\/en\/wp-json\/wp\/v2\/pages\/490\/revisions"}],"predecessor-version":[{"id":1338,"href":"https:\/\/www.nbfproject.eu\/en\/wp-json\/wp\/v2\/pages\/490\/revisions\/1338"}],"up":[{"embeddable":true,"href":"https:\/\/www.nbfproject.eu\/en\/wp-json\/wp\/v2\/pages\/479"}],"wp:featuredmedia":[{"embeddable":true,"href":"https:\/\/www.nbfproject.eu\/en\/wp-json\/wp\/v2\/media\/410"}],"wp:attachment":[{"href":"https:\/\/www.nbfproject.eu\/en\/wp-json\/wp\/v2\/media?parent=490"}],"curies":[{"name":"wp","href":"https:\/\/api.w.org\/{rel}","templated":true}]}}