{"id":488,"date":"2020-03-19T15:54:49","date_gmt":"2020-03-19T14:54:49","guid":{"rendered":"http:\/\/test2.nbfproject.eu\/?page_id=488"},"modified":"2021-03-31T12:29:58","modified_gmt":"2021-03-31T10:29:58","slug":"atelier-italie-france","status":"publish","type":"page","link":"https:\/\/www.nbfproject.eu\/en\/ateliers\/atelier-italie-france\/","title":{"rendered":"Atelier Italie-France"},"content":{"rendered":"<h2 class=\"wp-block-heading\">Informations g\u00e9n\u00e9rales<\/h2><h3 class=\"wp-block-heading\">Date :<\/h3><p> 22 Novembre 2019 <\/p><h3 class=\"wp-block-heading\">Lieu :<\/h3><p>Consiglio notarile di Milano,<br>via Locatelli n\u00b05,<br>Milano, Italy <\/p><h2 class=\"wp-block-heading\">Documents<\/h2><h3 class=\"wp-block-heading\">Programmes et inscriptions<\/h3><p><a href=\"https:\/\/www.nbfproject.eu\/wp-content\/uploads\/sites\/32\/2021\/03\/programme-milan_fr.pdf\" target=\"_blank\" rel=\"noreferrer noopener\">Cliquez ici pour acc\u00e9der au programme en fran\u00e7ais<\/a><\/p><p><a href=\"https:\/\/www.nbfproject.eu\/wp-content\/uploads\/sites\/32\/2021\/03\/programme-milan-it.pdf\" target=\"_blank\" rel=\"noreferrer noopener\">Cliquez ici pour acc\u00e9der au programme en italien<\/a><\/p><h3 class=\"wp-block-heading\">Pr\u00e9sentations et rapports de l'atelier<\/h3><p> Pr\u00e9sentation des r\u00e8glements 2016-1103 &amp; 2016-1104 - version fran\u00e7aise.\u00a0<a href=\"https:\/\/www.nbfproject.eu\/wp-content\/uploads\/sites\/32\/2021\/03\/md_cn_rgt-et-loi-applicabl_fr.pdf\" target=\"_blank\" rel=\"noreferrer noopener\">T\u00e9l\u00e9charger ici<\/a><\/p><p>Pr\u00e9sentation des r\u00e8glements 2016-1103 &amp; 2016-1104 - version italienne.\u00a0<a href=\"https:\/\/www.nbfproject.eu\/wp-content\/uploads\/sites\/32\/2021\/03\/md_cn_rgt-et-loi-applicabl_it.pdf\" target=\"_blank\" rel=\"noreferrer noopener\">T\u00e9l\u00e9charger ici<\/a><\/p><p>Cas pratiques Franco-Italiens, version fran\u00e7aise &amp; italienne. <a href=\"https:\/\/www.nbfproject.eu\/wp-content\/uploads\/sites\/32\/2021\/03\/cas-pratiques-it-fr.pdf\" target=\"_blank\" rel=\"noreferrer noopener\">T\u00e9l\u00e9charger ici<\/a><\/p><p>Pr\u00e9sentation de Paolo Pasqualis, actes authentiques, version fran\u00e7aise.<a href=\"https:\/\/www.nbfproject.eu\/wp-content\/uploads\/sites\/32\/2021\/03\/ppasqualis_actes-authentiques_fr.pdf\" target=\"_blank\" rel=\"noreferrer noopener\">T\u00e9l\u00e9charger ici<\/a><\/p><p>Pr\u00e9sentation de Paolo Pasqualis, actes authentiques, version italienne.<a href=\"https:\/\/www.nbfproject.eu\/wp-content\/uploads\/sites\/32\/2021\/03\/ppasqualis_atti-autentici_it.pdf\" target=\"_blank\" rel=\"noreferrer noopener\">T\u00e9l\u00e9charger ici<\/a><\/p><p>Pr\u00e9sentation de Ugo Friedmann, r\u00e9gimes matrimoniaux, version fran\u00e7aise.<a href=\"https:\/\/www.nbfproject.eu\/wp-content\/uploads\/sites\/32\/2021\/03\/ufriedmann_regimes-matrimoniaux_fr.pdf\" target=\"_blank\" rel=\"noreferrer noopener\">T\u00e9l\u00e9charger ici<\/a><\/p><p>Pr\u00e9sentation de Ugo Friedmann, r\u00e9gimes matrimoniaux, version italienne.<a href=\"https:\/\/www.nbfproject.eu\/wp-content\/uploads\/sites\/32\/2021\/03\/ufriedmann_regimes-matrimoniaux_-it.pdf\" target=\"_blank\" rel=\"noreferrer noopener\">T\u00e9l\u00e9charger ici<\/a><\/p><p>Pr\u00e9sentation de Fr\u00e9d\u00e9ric Varin, version fran\u00e7aise.<a href=\"https:\/\/www.nbfproject.eu\/wp-content\/uploads\/sites\/32\/2021\/03\/f-varin_regimes-mat-en-france_fr-1.pdf\" target=\"_blank\" rel=\"noreferrer noopener\">T\u00e9l\u00e9charger ici<\/a><\/p><p>Pr\u00e9sentation de Fr\u00e9d\u00e9ric Varin, version italienne.<a href=\"https:\/\/www.nbfproject.eu\/wp-content\/uploads\/sites\/32\/2021\/03\/f-varin_regimes-mat-en-france_it.pdf\" target=\"_blank\" rel=\"noreferrer noopener\">T\u00e9l\u00e9charger ici<\/a><\/p>","protected":false},"excerpt":{"rendered":"<p>Informations g\u00e9n\u00e9ralesDate : 22 Novembre 2019 Lieu :Consiglio notarile di Milano,via Locatelli n\u00b05,Milano, Italy DocumentsProgrammes et inscriptionsCliquez ici pour acc\u00e9der au programme en fran\u00e7aisCliquez [&hellip;]<\/p>\n","protected":false},"author":2,"featured_media":758,"parent":479,"menu_order":5,"comment_status":"closed","ping_status":"closed","template":"","meta":{"_acf_changed":false,"footnotes":""},"class_list":["post-488","page","type-page","status-publish","has-post-thumbnail","hentry"],"acf":[],"yoast_head":"<!-- This site is optimized with the Yoast SEO plugin v24.1 - https:\/\/yoast.com\/wordpress\/plugins\/seo\/ -->\n<title>Atelier Italie-France - Notaries Beyond Frontiers<\/title>\n<meta name=\"robots\" content=\"index, follow, max-snippet:-1, max-image-preview:large, max-video-preview:-1\" \/>\n<link rel=\"canonical\" href=\"https:\/\/www.nbfproject.eu\/en\/ateliers\/atelier-italie-france\/\" \/>\n<meta property=\"og:locale\" content=\"en_US\" \/>\n<meta property=\"og:type\" content=\"article\" \/>\n<meta property=\"og:title\" content=\"Atelier Italie-France - Notaries Beyond Frontiers\" \/>\n<meta property=\"og:description\" content=\"Informations g\u00e9n\u00e9ralesDate : 22 Novembre 2019 Lieu :Consiglio notarile di Milano,via Locatelli n\u00b05,Milano, Italy DocumentsProgrammes et inscriptionsCliquez ici pour acc\u00e9der au programme en fran\u00e7aisCliquez [&hellip;]\" \/>\n<meta property=\"og:url\" content=\"https:\/\/www.nbfproject.eu\/en\/ateliers\/atelier-italie-france\/\" \/>\n<meta property=\"og:site_name\" content=\"Notaries Beyond Frontiers\" \/>\n<meta property=\"article:modified_time\" content=\"2021-03-31T10:29:58+00:00\" \/>\n<meta property=\"og:image\" content=\"https:\/\/www.nbfproject.eu\/wp-content\/uploads\/sites\/32\/2020\/05\/milano.jpg\" \/>\n\t<meta property=\"og:image:width\" content=\"1920\" \/>\n\t<meta property=\"og:image:height\" content=\"575\" \/>\n\t<meta property=\"og:image:type\" content=\"image\/jpeg\" \/>\n<meta name=\"twitter:card\" content=\"summary_large_image\" \/>\n<meta name=\"twitter:label1\" content=\"Est. reading time\" \/>\n\t<meta name=\"twitter:data1\" content=\"1 minute\" \/>\n<script type=\"application\/ld+json\" class=\"yoast-schema-graph\">{\"@context\":\"https:\/\/schema.org\",\"@graph\":[{\"@type\":\"WebPage\",\"@id\":\"https:\/\/www.nbfproject.eu\/en\/ateliers\/atelier-italie-france\/\",\"url\":\"https:\/\/www.nbfproject.eu\/en\/ateliers\/atelier-italie-france\/\",\"name\":\"Atelier Italie-France - Notaries Beyond Frontiers\",\"isPartOf\":{\"@id\":\"https:\/\/www.nbfproject.eu\/en\/#website\"},\"primaryImageOfPage\":{\"@id\":\"https:\/\/www.nbfproject.eu\/en\/ateliers\/atelier-italie-france\/#primaryimage\"},\"image\":{\"@id\":\"https:\/\/www.nbfproject.eu\/en\/ateliers\/atelier-italie-france\/#primaryimage\"},\"thumbnailUrl\":\"https:\/\/www.nbfproject.eu\/wp-content\/uploads\/sites\/32\/2020\/05\/milano.jpg\",\"datePublished\":\"2020-03-19T14:54:49+00:00\",\"dateModified\":\"2021-03-31T10:29:58+00:00\",\"breadcrumb\":{\"@id\":\"https:\/\/www.nbfproject.eu\/en\/ateliers\/atelier-italie-france\/#breadcrumb\"},\"inLanguage\":\"en-US\",\"potentialAction\":[{\"@type\":\"ReadAction\",\"target\":[\"https:\/\/www.nbfproject.eu\/en\/ateliers\/atelier-italie-france\/\"]}]},{\"@type\":\"ImageObject\",\"inLanguage\":\"en-US\",\"@id\":\"https:\/\/www.nbfproject.eu\/en\/ateliers\/atelier-italie-france\/#primaryimage\",\"url\":\"https:\/\/www.nbfproject.eu\/wp-content\/uploads\/sites\/32\/2020\/05\/milano.jpg\",\"contentUrl\":\"https:\/\/www.nbfproject.eu\/wp-content\/uploads\/sites\/32\/2020\/05\/milano.jpg\",\"width\":1920,\"height\":575,\"caption\":\"header rue milan\"},{\"@type\":\"BreadcrumbList\",\"@id\":\"https:\/\/www.nbfproject.eu\/en\/ateliers\/atelier-italie-france\/#breadcrumb\",\"itemListElement\":[{\"@type\":\"ListItem\",\"position\":1,\"name\":\"Accueil\",\"item\":\"https:\/\/www.nbfproject.eu\/en\/\"},{\"@type\":\"ListItem\",\"position\":2,\"name\":\"Ateliers bilat\u00e9raux\",\"item\":\"https:\/\/www.nbfproject.eu\/en\/ateliers\/\"},{\"@type\":\"ListItem\",\"position\":3,\"name\":\"Atelier Italie-France\"}]},{\"@type\":\"WebSite\",\"@id\":\"https:\/\/www.nbfproject.eu\/en\/#website\",\"url\":\"https:\/\/www.nbfproject.eu\/en\/\",\"name\":\"Notaries Beyond Frontiers\",\"description\":\"Un site utilisant Administration r\u00e9seau web UCLy\",\"publisher\":{\"@id\":\"https:\/\/www.nbfproject.eu\/en\/#organization\"},\"potentialAction\":[{\"@type\":\"SearchAction\",\"target\":{\"@type\":\"EntryPoint\",\"urlTemplate\":\"https:\/\/www.nbfproject.eu\/en\/?s={search_term_string}\"},\"query-input\":{\"@type\":\"PropertyValueSpecification\",\"valueRequired\":true,\"valueName\":\"search_term_string\"}}],\"inLanguage\":\"en-US\"},{\"@type\":\"Organization\",\"@id\":\"https:\/\/www.nbfproject.eu\/en\/#organization\",\"name\":\"Notaries Beyond Frontiers\",\"url\":\"https:\/\/www.nbfproject.eu\/en\/\",\"logo\":{\"@type\":\"ImageObject\",\"inLanguage\":\"en-US\",\"@id\":\"https:\/\/www.nbfproject.eu\/en\/#\/schema\/logo\/image\/\",\"url\":\"https:\/\/www.nbfproject.eu\/wp-content\/uploads\/sites\/32\/2020\/03\/logo_nbf-1.png\",\"contentUrl\":\"https:\/\/www.nbfproject.eu\/wp-content\/uploads\/sites\/32\/2020\/03\/logo_nbf-1.png\",\"width\":600,\"height\":481,\"caption\":\"Notaries Beyond Frontiers\"},\"image\":{\"@id\":\"https:\/\/www.nbfproject.eu\/en\/#\/schema\/logo\/image\/\"}}]}<\/script>\n<!-- \/ Yoast SEO plugin. -->","yoast_head_json":{"title":"Atelier Italie-France - Notaries Beyond Frontiers","robots":{"index":"index","follow":"follow","max-snippet":"max-snippet:-1","max-image-preview":"max-image-preview:large","max-video-preview":"max-video-preview:-1"},"canonical":"https:\/\/www.nbfproject.eu\/en\/ateliers\/atelier-italie-france\/","og_locale":"en_US","og_type":"article","og_title":"Atelier Italie-France - Notaries Beyond Frontiers","og_description":"Informations g\u00e9n\u00e9ralesDate : 22 Novembre 2019 Lieu :Consiglio notarile di Milano,via Locatelli n\u00b05,Milano, Italy DocumentsProgrammes et inscriptionsCliquez ici pour acc\u00e9der au programme en fran\u00e7aisCliquez [&hellip;]","og_url":"https:\/\/www.nbfproject.eu\/en\/ateliers\/atelier-italie-france\/","og_site_name":"Notaries Beyond Frontiers","article_modified_time":"2021-03-31T10:29:58+00:00","og_image":[{"width":1920,"height":575,"url":"https:\/\/www.nbfproject.eu\/wp-content\/uploads\/sites\/32\/2020\/05\/milano.jpg","type":"image\/jpeg"}],"twitter_card":"summary_large_image","twitter_misc":{"Est. reading time":"1 minute"},"schema":{"@context":"https:\/\/schema.org","@graph":[{"@type":"WebPage","@id":"https:\/\/www.nbfproject.eu\/en\/ateliers\/atelier-italie-france\/","url":"https:\/\/www.nbfproject.eu\/en\/ateliers\/atelier-italie-france\/","name":"Atelier Italie-France - Notaries Beyond Frontiers","isPartOf":{"@id":"https:\/\/www.nbfproject.eu\/en\/#website"},"primaryImageOfPage":{"@id":"https:\/\/www.nbfproject.eu\/en\/ateliers\/atelier-italie-france\/#primaryimage"},"image":{"@id":"https:\/\/www.nbfproject.eu\/en\/ateliers\/atelier-italie-france\/#primaryimage"},"thumbnailUrl":"https:\/\/www.nbfproject.eu\/wp-content\/uploads\/sites\/32\/2020\/05\/milano.jpg","datePublished":"2020-03-19T14:54:49+00:00","dateModified":"2021-03-31T10:29:58+00:00","breadcrumb":{"@id":"https:\/\/www.nbfproject.eu\/en\/ateliers\/atelier-italie-france\/#breadcrumb"},"inLanguage":"en-US","potentialAction":[{"@type":"ReadAction","target":["https:\/\/www.nbfproject.eu\/en\/ateliers\/atelier-italie-france\/"]}]},{"@type":"ImageObject","inLanguage":"en-US","@id":"https:\/\/www.nbfproject.eu\/en\/ateliers\/atelier-italie-france\/#primaryimage","url":"https:\/\/www.nbfproject.eu\/wp-content\/uploads\/sites\/32\/2020\/05\/milano.jpg","contentUrl":"https:\/\/www.nbfproject.eu\/wp-content\/uploads\/sites\/32\/2020\/05\/milano.jpg","width":1920,"height":575,"caption":"header rue milan"},{"@type":"BreadcrumbList","@id":"https:\/\/www.nbfproject.eu\/en\/ateliers\/atelier-italie-france\/#breadcrumb","itemListElement":[{"@type":"ListItem","position":1,"name":"Accueil","item":"https:\/\/www.nbfproject.eu\/en\/"},{"@type":"ListItem","position":2,"name":"Ateliers bilat\u00e9raux","item":"https:\/\/www.nbfproject.eu\/en\/ateliers\/"},{"@type":"ListItem","position":3,"name":"Atelier Italie-France"}]},{"@type":"WebSite","@id":"https:\/\/www.nbfproject.eu\/en\/#website","url":"https:\/\/www.nbfproject.eu\/en\/","name":"Notaries Beyond Frontiers","description":"Un site utilisant Administration r\u00e9seau web UCLy","publisher":{"@id":"https:\/\/www.nbfproject.eu\/en\/#organization"},"potentialAction":[{"@type":"SearchAction","target":{"@type":"EntryPoint","urlTemplate":"https:\/\/www.nbfproject.eu\/en\/?s={search_term_string}"},"query-input":{"@type":"PropertyValueSpecification","valueRequired":true,"valueName":"search_term_string"}}],"inLanguage":"en-US"},{"@type":"Organization","@id":"https:\/\/www.nbfproject.eu\/en\/#organization","name":"Notaries Beyond Frontiers","url":"https:\/\/www.nbfproject.eu\/en\/","logo":{"@type":"ImageObject","inLanguage":"en-US","@id":"https:\/\/www.nbfproject.eu\/en\/#\/schema\/logo\/image\/","url":"https:\/\/www.nbfproject.eu\/wp-content\/uploads\/sites\/32\/2020\/03\/logo_nbf-1.png","contentUrl":"https:\/\/www.nbfproject.eu\/wp-content\/uploads\/sites\/32\/2020\/03\/logo_nbf-1.png","width":600,"height":481,"caption":"Notaries Beyond Frontiers"},"image":{"@id":"https:\/\/www.nbfproject.eu\/en\/#\/schema\/logo\/image\/"}}]}},"_links":{"self":[{"href":"https:\/\/www.nbfproject.eu\/en\/wp-json\/wp\/v2\/pages\/488","targetHints":{"allow":["GET"]}}],"collection":[{"href":"https:\/\/www.nbfproject.eu\/en\/wp-json\/wp\/v2\/pages"}],"about":[{"href":"https:\/\/www.nbfproject.eu\/en\/wp-json\/wp\/v2\/types\/page"}],"author":[{"embeddable":true,"href":"https:\/\/www.nbfproject.eu\/en\/wp-json\/wp\/v2\/users\/2"}],"replies":[{"embeddable":true,"href":"https:\/\/www.nbfproject.eu\/en\/wp-json\/wp\/v2\/comments?post=488"}],"version-history":[{"count":6,"href":"https:\/\/www.nbfproject.eu\/en\/wp-json\/wp\/v2\/pages\/488\/revisions"}],"predecessor-version":[{"id":1312,"href":"https:\/\/www.nbfproject.eu\/en\/wp-json\/wp\/v2\/pages\/488\/revisions\/1312"}],"up":[{"embeddable":true,"href":"https:\/\/www.nbfproject.eu\/en\/wp-json\/wp\/v2\/pages\/479"}],"wp:featuredmedia":[{"embeddable":true,"href":"https:\/\/www.nbfproject.eu\/en\/wp-json\/wp\/v2\/media\/758"}],"wp:attachment":[{"href":"https:\/\/www.nbfproject.eu\/en\/wp-json\/wp\/v2\/media?parent=488"}],"curies":[{"name":"wp","href":"https:\/\/api.w.org\/{rel}","templated":true}]}}